{"id":30554,"date":"2023-01-17T13:18:47","date_gmt":"2023-01-17T10:18:47","guid":{"rendered":"https:\/\/www.omni.com.tr\/?page_id=30554"},"modified":"2023-02-09T15:28:49","modified_gmt":"2023-02-09T12:28:49","slug":"%d9%86%d8%b8%d8%a7%d9%85-%d8%a7%d9%84%d8%aa%d9%82%d8%a7%d8%b1%d9%8a%d8%b1","status":"publish","type":"page","link":"https:\/\/omni.com.tr\/ar\/%d8%a7%d9%84%d9%85%d9%86%d8%aa%d8%ac%d8%a7%d8%aa\/%d8%a3%d9%86%d8%b8%d9%85%d8%a9-%d8%a7%d9%84%d9%85%d9%83%d8%a7%d8%aa%d8%a8-%d8%a7%d9%84%d8%ae%d9%84%d9%81%d9%8a%d8%a9\/%d9%86%d8%b8%d8%a7%d9%85-%d8%a7%d9%84%d8%aa%d9%82%d8%a7%d8%b1%d9%8a%d8%b1\/","title":{"rendered":"\u0646\u0638\u0627\u0645 \u0627\u0644\u062a\u0642\u0627\u0631\u064a\u0631"},"content":{"rendered":"\t<section class=\"section\" id=\"section_312686683\">\n\t\t<div class=\"bg section-bg fill bg-fill bg-loaded bg-loaded\" >\n\n\t\t\t\n\t\t\t\n\t\t\t\n\n\t\t<\/div>\n\n\t\t\n\n\t\t<div class=\"section-content relative\">\n\t\t\t\n<div class=\"row align-center\"  id=\"row-1720601113\">\n\n\t<div id=\"col-732003020\" class=\"col small-12 large-12\"  >\n\t\t\t\t<div class=\"col-inner text-center\"  >\n\t\t\t\n\t\t\t\n\t<div id=\"text-2919435020\" class=\"text\">\n\t\t\n<h3> \u0646\u0638\u0627\u0645 \u0627\u0644\u062a\u0642\u0627\u0631\u064a\u0631<\/h3>\n\t\t\n<style>\n#text-2919435020 {\n  font-size: 2.5rem;\n  line-height: 0.75;\n}\n<\/style>\n\t<\/div>\n\t\n\t<div class=\"img has-hover x md-x lg-x y md-y lg-y\" id=\"image_566143589\">\n\t\t\t\t\t\t\t\t<div class=\"img-inner dark\" >\n\t\t\t<img loading=\"lazy\" decoding=\"async\" width=\"396\" height=\"79\" src=\"https:\/\/omni.com.tr\/wp-content\/uploads\/2022\/09\/novalook.jpg\" class=\"attachment-large size-large\" alt=\"\" srcset=\"https:\/\/omni.com.tr\/wp-content\/uploads\/2022\/09\/novalook.jpg 396w, https:\/\/omni.com.tr\/wp-content\/uploads\/2022\/09\/novalook-300x60.jpg 300w\" sizes=\"auto, (max-width: 396px) 100vw, 396px\" \/>\t\t\t\t\t\t\n\t\t\t\t\t<\/div>\n\t\t\t\t\t\t\t\t\n<style>\n#image_566143589 {\n  width: 28%;\n}\n<\/style>\n\t<\/div>\n\t\n\t\t<\/div>\n\t\t\t\t\t<\/div>\n\n\t\n<\/div>\n<div class=\"row align-middle\"  id=\"row-171000136\">\n\n\t<div id=\"col-1339377607\" class=\"col medium-5 small-12 large-5\"  >\n\t\t\t\t<div class=\"col-inner\"  >\n\t\t\t\n\t\t\t\n\t<div class=\"img has-hover x md-x lg-x y md-y lg-y\" id=\"image_401900232\">\n\t\t\t\t\t\t\t\t<div class=\"img-inner dark\" >\n\t\t\t<img loading=\"lazy\" decoding=\"async\" width=\"476\" height=\"413\" src=\"https:\/\/omni.com.tr\/wp-content\/uploads\/2022\/09\/raporlama-sistemi21.png\" class=\"attachment-large size-large\" alt=\"\" srcset=\"https:\/\/omni.com.tr\/wp-content\/uploads\/2022\/09\/raporlama-sistemi21.png 476w, https:\/\/omni.com.tr\/wp-content\/uploads\/2022\/09\/raporlama-sistemi21-300x260.png 300w\" sizes=\"auto, (max-width: 476px) 100vw, 476px\" \/>\t\t\t\t\t\t\n\t\t\t\t\t<\/div>\n\t\t\t\t\t\t\t\t\n<style>\n#image_401900232 {\n  width: 100%;\n}\n<\/style>\n\t<\/div>\n\t\n\t\t<\/div>\n\t\t\t\t\t<\/div>\n\n\t\n\n\t<div id=\"col-1627879960\" class=\"col medium-7 small-12 large-7\"  >\n\t\t\t\t<div class=\"col-inner\"  >\n\t\t\t\n\t\t\t\n\t<div id=\"gap-264157700\" class=\"gap-element clearfix\" style=\"display:block; height:auto;\">\n\t\t\n<style>\n#gap-264157700 {\n  padding-top: 30px;\n}\n<\/style>\n\t<\/div>\n\t\n<p><strong>\u0625\u0646\u0647 \u0628\u0631\u0646\u0627\u0645\u062c \u0625\u0639\u062f\u0627\u062f \u062a\u0642\u0627\u0631\u064a\u0631 \u0639\u0644\u0649 \u0634\u0628\u0643\u0629 \u0627\u0644\u0625\u0646\u062a\u0631\u0646\u062a. \u064a\u0633\u0645\u062d \u0644\u0645\u062f\u064a\u0631\u064a \u0627\u0644\u0623\u0639\u0645\u0627\u0644 \u0628\u0645\u062a\u0627\u0628\u0639\u0629 \u0628\u064a\u0627\u0646\u0627\u062a \u0627\u0644\u0639\u0645\u0644 \u0628\u062f\u0648\u0646 \u0623\u064a \u062a\u062f\u0631\u064a\u0628 \u0639\u0644\u0649 \u0627\u0644\u0628\u0631\u0646\u0627\u0645\u062c. \u0645\u0639 \u0623\u064a \u0627\u062a\u0635\u0627\u0644 \u0628\u0627\u0644\u0625\u0646\u062a\u0631\u0646\u062a \u060c \u0648\u0647\u0648 \u0645\u0633\u062a\u0642\u0644 \u0639\u0646 \u0627\u0644\u0645\u0648\u0642\u0639 \u060c \u064a\u0635\u0644 \u0643\u0644 \u0645\u062f\u064a\u0631 \u0625\u0644\u0649 \u0627\u0644\u062a\u0642\u0627\u0631\u064a\u0631 \u0636\u0645\u0646 \u0645\u0633\u062a\u0648\u0649 \u0633\u0644\u0637\u062a\u0647.<\/strong><\/p>\n<ul>\n<li>\u064a\u0639\u062f \u062a\u0642\u0627\u0631\u064a\u0631 \u0645\u0648\u062d\u062f\u0629 \u0644\u0634\u0631\u0643\u0627\u062a \u0645\u062a\u0639\u062f\u062f\u0629<\/li>\n<li>\u064a\u0639\u0645\u0644 \u0628\u0634\u0643\u0644 \u0645\u062a\u0643\u0627\u0645\u0644 \u0645\u0639 \u0641\u064a\u0643\u062a\u0631\u0648\u0646 \u060c \u0648\u064a\u0635\u0644 \u0625\u0644\u0649 \u0645\u0639\u0644\u0648\u0645\u0627\u062a \u0646\u0638\u0627\u0645 \u0641\u064a\u0643\u062a\u0631\u0648\u0646 POS \u0639\u0644\u0649 \u0641\u062a\u0631\u0627\u062a \u0632\u0645\u0646\u064a\u0629 \u0645\u0631\u063a\u0648\u0628\u0629<\/li>\n<li>\n<p>\u064a\u0642\u0648\u0645 \u0628\u0627\u0644\u0625\u0628\u0644\u0627\u063a \u0639\u0646 \u062c\u0645\u064a\u0639 \u0645\u062d\u0637\u0627\u062a \u0641\u064a\u0643\u062a\u0631\u0648\u0646 \u0641\u064a \u0627\u0644\u0645\u0624\u0633\u0633\u0629 \u0645\u0646 \u062e\u0644\u0627\u0644 \u0627\u0644\u0625\u0646\u062a\u0631\u0646\u062a<\/p>\n<\/li>\n<li>\n<p>\u064a\u0645\u0643\u0646 \u0644\u0644\u0634\u0631\u0643\u0627\u062a \u0625\u0646\u0634\u0627\u0621 \u062a\u0642\u0627\u0631\u064a\u0631 \u0645\u062e\u0635\u0635\u0629 \u062e\u0627\u0635\u0629 \u0628\u0646\u0641\u0633\u0647<\/p>\n<\/li>\n<\/ul>\n<a href=\"\/teklif-al\/\" target=\"_self\" class=\"button primary\"  style=\"border-radius:5px;padding:6px 30px 6px 30px;\">\n    <span>\u0627\u062d\u0635\u0644 \u0639\u0644\u0649 \u0627\u0644\u0633\u0639\u0631<\/span>\n  <\/a>\n\n\t\t<\/div>\n\t\t\t\t\n<style>\n#col-1627879960 > .col-inner {\n  padding: 0px 1% 0px 1%;\n}\n@media (min-width:550px) {\n  #col-1627879960 > .col-inner {\n    padding: 0px 2% 0px 2%;\n  }\n}\n@media (min-width:850px) {\n  #col-1627879960 > .col-inner {\n    padding: 0px 0px 0px 10%;\n  }\n}\n<\/style>\n\t<\/div>\n\n\t\n<\/div>\n\t\t<\/div>\n\n\t\t\n<style>\n#section_312686683 {\n  padding-top: 30px;\n  padding-bottom: 30px;\n}\n#section_312686683 .ux-shape-divider--top svg {\n  height: 150px;\n  --divider-top-width: 100%;\n}\n#section_312686683 .ux-shape-divider--bottom svg {\n  height: 150px;\n  --divider-width: 100%;\n}\n<\/style>\n\t<\/section>\n\t\n","protected":false},"excerpt":{"rendered":"","protected":false},"author":1,"featured_media":30141,"parent":30543,"menu_order":0,"comment_status":"closed","ping_status":"closed","template":"page-blank.php","meta":{"footnotes":""},"class_list":["post-30554","page","type-page","status-publish","has-post-thumbnail","hentry"],"yoast_head":"<!-- This site is optimized with the Yoast SEO plugin v27.4 - https:\/\/yoast.com\/product\/yoast-seo-wordpress\/ -->\n<title>\u0646\u0638\u0627\u0645 \u0627\u0644\u062a\u0642\u0627\u0631\u064a\u0631 - Omni POS Sistemleri<\/title>\n<meta name=\"robots\" content=\"index, follow, max-snippet:-1, max-image-preview:large, max-video-preview:-1\" \/>\n<link rel=\"canonical\" href=\"https:\/\/omni.com.tr\/ar\/\u0627\u0644\u0645\u0646\u062a\u062c\u0627\u062a\/\u0623\u0646\u0638\u0645\u0629-\u0627\u0644\u0645\u0643\u0627\u062a\u0628-\u0627\u0644\u062e\u0644\u0641\u064a\u0629\/\u0646\u0638\u0627\u0645-\u0627\u0644\u062a\u0642\u0627\u0631\u064a\u0631\/\" \/>\n<meta property=\"og:locale\" content=\"ar_AR\" \/>\n<meta property=\"og:type\" content=\"article\" \/>\n<meta property=\"og:title\" content=\"\u0646\u0638\u0627\u0645 \u0627\u0644\u062a\u0642\u0627\u0631\u064a\u0631 - Omni POS Sistemleri\" \/>\n<meta property=\"og:url\" content=\"https:\/\/omni.com.tr\/ar\/\u0627\u0644\u0645\u0646\u062a\u062c\u0627\u062a\/\u0623\u0646\u0638\u0645\u0629-\u0627\u0644\u0645\u0643\u0627\u062a\u0628-\u0627\u0644\u062e\u0644\u0641\u064a\u0629\/\u0646\u0638\u0627\u0645-\u0627\u0644\u062a\u0642\u0627\u0631\u064a\u0631\/\" \/>\n<meta property=\"og:site_name\" content=\"Omni POS Sistemleri\" \/>\n<meta property=\"article:publisher\" content=\"https:\/\/www.facebook.com\/omnipossistemleri\" \/>\n<meta property=\"article:modified_time\" content=\"2023-02-09T12:28:49+00:00\" \/>\n<meta property=\"og:image\" content=\"https:\/\/omni.com.tr\/wp-content\/uploads\/2022\/09\/raporlama-sistemi21.png\" \/>\n\t<meta property=\"og:image:width\" content=\"476\" \/>\n\t<meta property=\"og:image:height\" content=\"413\" \/>\n\t<meta property=\"og:image:type\" content=\"image\/png\" \/>\n<meta name=\"twitter:card\" content=\"summary_large_image\" \/>\n<script type=\"application\/ld+json\" class=\"yoast-schema-graph\">{\"@context\":\"https:\\\/\\\/schema.org\",\"@graph\":[{\"@type\":\"WebPage\",\"@id\":\"https:\\\/\\\/omni.com.tr\\\/ar\\\/%d8%a7%d9%84%d9%85%d9%86%d8%aa%d8%ac%d8%a7%d8%aa\\\/%d8%a3%d9%86%d8%b8%d9%85%d8%a9-%d8%a7%d9%84%d9%85%d9%83%d8%a7%d8%aa%d8%a8-%d8%a7%d9%84%d8%ae%d9%84%d9%81%d9%8a%d8%a9\\\/%d9%86%d8%b8%d8%a7%d9%85-%d8%a7%d9%84%d8%aa%d9%82%d8%a7%d8%b1%d9%8a%d8%b1\\\/\",\"url\":\"https:\\\/\\\/omni.com.tr\\\/ar\\\/%d8%a7%d9%84%d9%85%d9%86%d8%aa%d8%ac%d8%a7%d8%aa\\\/%d8%a3%d9%86%d8%b8%d9%85%d8%a9-%d8%a7%d9%84%d9%85%d9%83%d8%a7%d8%aa%d8%a8-%d8%a7%d9%84%d8%ae%d9%84%d9%81%d9%8a%d8%a9\\\/%d9%86%d8%b8%d8%a7%d9%85-%d8%a7%d9%84%d8%aa%d9%82%d8%a7%d8%b1%d9%8a%d8%b1\\\/\",\"name\":\"\u0646\u0638\u0627\u0645 \u0627\u0644\u062a\u0642\u0627\u0631\u064a\u0631 - Omni POS Sistemleri\",\"isPartOf\":{\"@id\":\"https:\\\/\\\/omni.com.tr\\\/#website\"},\"primaryImageOfPage\":{\"@id\":\"https:\\\/\\\/omni.com.tr\\\/ar\\\/%d8%a7%d9%84%d9%85%d9%86%d8%aa%d8%ac%d8%a7%d8%aa\\\/%d8%a3%d9%86%d8%b8%d9%85%d8%a9-%d8%a7%d9%84%d9%85%d9%83%d8%a7%d8%aa%d8%a8-%d8%a7%d9%84%d8%ae%d9%84%d9%81%d9%8a%d8%a9\\\/%d9%86%d8%b8%d8%a7%d9%85-%d8%a7%d9%84%d8%aa%d9%82%d8%a7%d8%b1%d9%8a%d8%b1\\\/#primaryimage\"},\"image\":{\"@id\":\"https:\\\/\\\/omni.com.tr\\\/ar\\\/%d8%a7%d9%84%d9%85%d9%86%d8%aa%d8%ac%d8%a7%d8%aa\\\/%d8%a3%d9%86%d8%b8%d9%85%d8%a9-%d8%a7%d9%84%d9%85%d9%83%d8%a7%d8%aa%d8%a8-%d8%a7%d9%84%d8%ae%d9%84%d9%81%d9%8a%d8%a9\\\/%d9%86%d8%b8%d8%a7%d9%85-%d8%a7%d9%84%d8%aa%d9%82%d8%a7%d8%b1%d9%8a%d8%b1\\\/#primaryimage\"},\"thumbnailUrl\":\"https:\\\/\\\/omni.com.tr\\\/wp-content\\\/uploads\\\/2022\\\/09\\\/raporlama-sistemi21.png\",\"datePublished\":\"2023-01-17T10:18:47+00:00\",\"dateModified\":\"2023-02-09T12:28:49+00:00\",\"breadcrumb\":{\"@id\":\"https:\\\/\\\/omni.com.tr\\\/ar\\\/%d8%a7%d9%84%d9%85%d9%86%d8%aa%d8%ac%d8%a7%d8%aa\\\/%d8%a3%d9%86%d8%b8%d9%85%d8%a9-%d8%a7%d9%84%d9%85%d9%83%d8%a7%d8%aa%d8%a8-%d8%a7%d9%84%d8%ae%d9%84%d9%81%d9%8a%d8%a9\\\/%d9%86%d8%b8%d8%a7%d9%85-%d8%a7%d9%84%d8%aa%d9%82%d8%a7%d8%b1%d9%8a%d8%b1\\\/#breadcrumb\"},\"inLanguage\":\"ar\",\"potentialAction\":[{\"@type\":\"ReadAction\",\"target\":[\"https:\\\/\\\/omni.com.tr\\\/ar\\\/%d8%a7%d9%84%d9%85%d9%86%d8%aa%d8%ac%d8%a7%d8%aa\\\/%d8%a3%d9%86%d8%b8%d9%85%d8%a9-%d8%a7%d9%84%d9%85%d9%83%d8%a7%d8%aa%d8%a8-%d8%a7%d9%84%d8%ae%d9%84%d9%81%d9%8a%d8%a9\\\/%d9%86%d8%b8%d8%a7%d9%85-%d8%a7%d9%84%d8%aa%d9%82%d8%a7%d8%b1%d9%8a%d8%b1\\\/\"]}]},{\"@type\":\"ImageObject\",\"inLanguage\":\"ar\",\"@id\":\"https:\\\/\\\/omni.com.tr\\\/ar\\\/%d8%a7%d9%84%d9%85%d9%86%d8%aa%d8%ac%d8%a7%d8%aa\\\/%d8%a3%d9%86%d8%b8%d9%85%d8%a9-%d8%a7%d9%84%d9%85%d9%83%d8%a7%d8%aa%d8%a8-%d8%a7%d9%84%d8%ae%d9%84%d9%81%d9%8a%d8%a9\\\/%d9%86%d8%b8%d8%a7%d9%85-%d8%a7%d9%84%d8%aa%d9%82%d8%a7%d8%b1%d9%8a%d8%b1\\\/#primaryimage\",\"url\":\"https:\\\/\\\/omni.com.tr\\\/wp-content\\\/uploads\\\/2022\\\/09\\\/raporlama-sistemi21.png\",\"contentUrl\":\"https:\\\/\\\/omni.com.tr\\\/wp-content\\\/uploads\\\/2022\\\/09\\\/raporlama-sistemi21.png\",\"width\":476,\"height\":413,\"caption\":\"Raporlama Sistemi\"},{\"@type\":\"BreadcrumbList\",\"@id\":\"https:\\\/\\\/omni.com.tr\\\/ar\\\/%d8%a7%d9%84%d9%85%d9%86%d8%aa%d8%ac%d8%a7%d8%aa\\\/%d8%a3%d9%86%d8%b8%d9%85%d8%a9-%d8%a7%d9%84%d9%85%d9%83%d8%a7%d8%aa%d8%a8-%d8%a7%d9%84%d8%ae%d9%84%d9%81%d9%8a%d8%a9\\\/%d9%86%d8%b8%d8%a7%d9%85-%d8%a7%d9%84%d8%aa%d9%82%d8%a7%d8%b1%d9%8a%d8%b1\\\/#breadcrumb\",\"itemListElement\":[{\"@type\":\"ListItem\",\"position\":1,\"name\":\"Ana sayfa\",\"item\":\"https:\\\/\\\/omni.com.tr\\\/ar\\\/\"},{\"@type\":\"ListItem\",\"position\":2,\"name\":\"\u0627\u0644\u0645\u0646\u062a\u062c\u0627\u062a\",\"item\":\"https:\\\/\\\/omni.com.tr\\\/ar\\\/%d8%a7%d9%84%d9%85%d9%86%d8%aa%d8%ac%d8%a7%d8%aa\\\/\"},{\"@type\":\"ListItem\",\"position\":3,\"name\":\"\u0623\u0646\u0638\u0645\u0629 \u0627\u0644\u0645\u0643\u0627\u062a\u0628 \u0627\u0644\u062e\u0644\u0641\u064a\u0629\",\"item\":\"https:\\\/\\\/omni.com.tr\\\/ar\\\/%d8%a7%d9%84%d9%85%d9%86%d8%aa%d8%ac%d8%a7%d8%aa\\\/%d8%a3%d9%86%d8%b8%d9%85%d8%a9-%d8%a7%d9%84%d9%85%d9%83%d8%a7%d8%aa%d8%a8-%d8%a7%d9%84%d8%ae%d9%84%d9%81%d9%8a%d8%a9\\\/\"},{\"@type\":\"ListItem\",\"position\":4,\"name\":\"\u0646\u0638\u0627\u0645 \u0627\u0644\u062a\u0642\u0627\u0631\u064a\u0631\"}]},{\"@type\":\"WebSite\",\"@id\":\"https:\\\/\\\/omni.com.tr\\\/#website\",\"url\":\"https:\\\/\\\/omni.com.tr\\\/\",\"name\":\"Omni POS Sistemleri, Restoran Sistemleri, POS Otomasyonu, POS Yaz\u0131l\u0131m\u0131\",\"description\":\"Restoran POS Otomasyonu Sistemleri, POS Sistemi, POS Yaz\u0131l\u0131m\u0131, Restaurant POS Sistemi\",\"publisher\":{\"@id\":\"https:\\\/\\\/omni.com.tr\\\/#organization\"},\"alternateName\":\"Omni POS Sistemleri , POS Yaz\u0131l\u0131m\u0131, Restoran Program\u0131, Lokanta Program\u0131, Restoran Programlar\u0131, POS Sistemi\",\"potentialAction\":[{\"@type\":\"SearchAction\",\"target\":{\"@type\":\"EntryPoint\",\"urlTemplate\":\"https:\\\/\\\/omni.com.tr\\\/?s={search_term_string}\"},\"query-input\":{\"@type\":\"PropertyValueSpecification\",\"valueRequired\":true,\"valueName\":\"search_term_string\"}}],\"inLanguage\":\"ar\"},{\"@type\":\"Organization\",\"@id\":\"https:\\\/\\\/omni.com.tr\\\/#organization\",\"name\":\"Omni A\u015e.\",\"url\":\"https:\\\/\\\/omni.com.tr\\\/\",\"logo\":{\"@type\":\"ImageObject\",\"inLanguage\":\"ar\",\"@id\":\"https:\\\/\\\/omni.com.tr\\\/#\\\/schema\\\/logo\\\/image\\\/\",\"url\":\"https:\\\/\\\/omni.com.tr\\\/wp-content\\\/uploads\\\/2022\\\/10\\\/logo1996dan.png\",\"contentUrl\":\"https:\\\/\\\/omni.com.tr\\\/wp-content\\\/uploads\\\/2022\\\/10\\\/logo1996dan.png\",\"width\":1022,\"height\":492,\"caption\":\"Omni A\u015e.\"},\"image\":{\"@id\":\"https:\\\/\\\/omni.com.tr\\\/#\\\/schema\\\/logo\\\/image\\\/\"},\"sameAs\":[\"https:\\\/\\\/www.facebook.com\\\/omnipossistemleri\",\"https:\\\/\\\/www.linkedin.com\\\/company\\\/18402192\\\/\",\"https:\\\/\\\/www.youtube.com\\\/@omnipossistemleri\"]}]}<\/script>\n<!-- \/ Yoast SEO plugin. -->","yoast_head_json":{"title":"\u0646\u0638\u0627\u0645 \u0627\u0644\u062a\u0642\u0627\u0631\u064a\u0631 - Omni POS Sistemleri","robots":{"index":"index","follow":"follow","max-snippet":"max-snippet:-1","max-image-preview":"max-image-preview:large","max-video-preview":"max-video-preview:-1"},"canonical":"https:\/\/omni.com.tr\/ar\/\u0627\u0644\u0645\u0646\u062a\u062c\u0627\u062a\/\u0623\u0646\u0638\u0645\u0629-\u0627\u0644\u0645\u0643\u0627\u062a\u0628-\u0627\u0644\u062e\u0644\u0641\u064a\u0629\/\u0646\u0638\u0627\u0645-\u0627\u0644\u062a\u0642\u0627\u0631\u064a\u0631\/","og_locale":"ar_AR","og_type":"article","og_title":"\u0646\u0638\u0627\u0645 \u0627\u0644\u062a\u0642\u0627\u0631\u064a\u0631 - Omni POS Sistemleri","og_url":"https:\/\/omni.com.tr\/ar\/\u0627\u0644\u0645\u0646\u062a\u062c\u0627\u062a\/\u0623\u0646\u0638\u0645\u0629-\u0627\u0644\u0645\u0643\u0627\u062a\u0628-\u0627\u0644\u062e\u0644\u0641\u064a\u0629\/\u0646\u0638\u0627\u0645-\u0627\u0644\u062a\u0642\u0627\u0631\u064a\u0631\/","og_site_name":"Omni POS Sistemleri","article_publisher":"https:\/\/www.facebook.com\/omnipossistemleri","article_modified_time":"2023-02-09T12:28:49+00:00","og_image":[{"width":476,"height":413,"url":"https:\/\/omni.com.tr\/wp-content\/uploads\/2022\/09\/raporlama-sistemi21.png","type":"image\/png"}],"twitter_card":"summary_large_image","schema":{"@context":"https:\/\/schema.org","@graph":[{"@type":"WebPage","@id":"https:\/\/omni.com.tr\/ar\/%d8%a7%d9%84%d9%85%d9%86%d8%aa%d8%ac%d8%a7%d8%aa\/%d8%a3%d9%86%d8%b8%d9%85%d8%a9-%d8%a7%d9%84%d9%85%d9%83%d8%a7%d8%aa%d8%a8-%d8%a7%d9%84%d8%ae%d9%84%d9%81%d9%8a%d8%a9\/%d9%86%d8%b8%d8%a7%d9%85-%d8%a7%d9%84%d8%aa%d9%82%d8%a7%d8%b1%d9%8a%d8%b1\/","url":"https:\/\/omni.com.tr\/ar\/%d8%a7%d9%84%d9%85%d9%86%d8%aa%d8%ac%d8%a7%d8%aa\/%d8%a3%d9%86%d8%b8%d9%85%d8%a9-%d8%a7%d9%84%d9%85%d9%83%d8%a7%d8%aa%d8%a8-%d8%a7%d9%84%d8%ae%d9%84%d9%81%d9%8a%d8%a9\/%d9%86%d8%b8%d8%a7%d9%85-%d8%a7%d9%84%d8%aa%d9%82%d8%a7%d8%b1%d9%8a%d8%b1\/","name":"\u0646\u0638\u0627\u0645 \u0627\u0644\u062a\u0642\u0627\u0631\u064a\u0631 - Omni POS Sistemleri","isPartOf":{"@id":"https:\/\/omni.com.tr\/#website"},"primaryImageOfPage":{"@id":"https:\/\/omni.com.tr\/ar\/%d8%a7%d9%84%d9%85%d9%86%d8%aa%d8%ac%d8%a7%d8%aa\/%d8%a3%d9%86%d8%b8%d9%85%d8%a9-%d8%a7%d9%84%d9%85%d9%83%d8%a7%d8%aa%d8%a8-%d8%a7%d9%84%d8%ae%d9%84%d9%81%d9%8a%d8%a9\/%d9%86%d8%b8%d8%a7%d9%85-%d8%a7%d9%84%d8%aa%d9%82%d8%a7%d8%b1%d9%8a%d8%b1\/#primaryimage"},"image":{"@id":"https:\/\/omni.com.tr\/ar\/%d8%a7%d9%84%d9%85%d9%86%d8%aa%d8%ac%d8%a7%d8%aa\/%d8%a3%d9%86%d8%b8%d9%85%d8%a9-%d8%a7%d9%84%d9%85%d9%83%d8%a7%d8%aa%d8%a8-%d8%a7%d9%84%d8%ae%d9%84%d9%81%d9%8a%d8%a9\/%d9%86%d8%b8%d8%a7%d9%85-%d8%a7%d9%84%d8%aa%d9%82%d8%a7%d8%b1%d9%8a%d8%b1\/#primaryimage"},"thumbnailUrl":"https:\/\/omni.com.tr\/wp-content\/uploads\/2022\/09\/raporlama-sistemi21.png","datePublished":"2023-01-17T10:18:47+00:00","dateModified":"2023-02-09T12:28:49+00:00","breadcrumb":{"@id":"https:\/\/omni.com.tr\/ar\/%d8%a7%d9%84%d9%85%d9%86%d8%aa%d8%ac%d8%a7%d8%aa\/%d8%a3%d9%86%d8%b8%d9%85%d8%a9-%d8%a7%d9%84%d9%85%d9%83%d8%a7%d8%aa%d8%a8-%d8%a7%d9%84%d8%ae%d9%84%d9%81%d9%8a%d8%a9\/%d9%86%d8%b8%d8%a7%d9%85-%d8%a7%d9%84%d8%aa%d9%82%d8%a7%d8%b1%d9%8a%d8%b1\/#breadcrumb"},"inLanguage":"ar","potentialAction":[{"@type":"ReadAction","target":["https:\/\/omni.com.tr\/ar\/%d8%a7%d9%84%d9%85%d9%86%d8%aa%d8%ac%d8%a7%d8%aa\/%d8%a3%d9%86%d8%b8%d9%85%d8%a9-%d8%a7%d9%84%d9%85%d9%83%d8%a7%d8%aa%d8%a8-%d8%a7%d9%84%d8%ae%d9%84%d9%81%d9%8a%d8%a9\/%d9%86%d8%b8%d8%a7%d9%85-%d8%a7%d9%84%d8%aa%d9%82%d8%a7%d8%b1%d9%8a%d8%b1\/"]}]},{"@type":"ImageObject","inLanguage":"ar","@id":"https:\/\/omni.com.tr\/ar\/%d8%a7%d9%84%d9%85%d9%86%d8%aa%d8%ac%d8%a7%d8%aa\/%d8%a3%d9%86%d8%b8%d9%85%d8%a9-%d8%a7%d9%84%d9%85%d9%83%d8%a7%d8%aa%d8%a8-%d8%a7%d9%84%d8%ae%d9%84%d9%81%d9%8a%d8%a9\/%d9%86%d8%b8%d8%a7%d9%85-%d8%a7%d9%84%d8%aa%d9%82%d8%a7%d8%b1%d9%8a%d8%b1\/#primaryimage","url":"https:\/\/omni.com.tr\/wp-content\/uploads\/2022\/09\/raporlama-sistemi21.png","contentUrl":"https:\/\/omni.com.tr\/wp-content\/uploads\/2022\/09\/raporlama-sistemi21.png","width":476,"height":413,"caption":"Raporlama Sistemi"},{"@type":"BreadcrumbList","@id":"https:\/\/omni.com.tr\/ar\/%d8%a7%d9%84%d9%85%d9%86%d8%aa%d8%ac%d8%a7%d8%aa\/%d8%a3%d9%86%d8%b8%d9%85%d8%a9-%d8%a7%d9%84%d9%85%d9%83%d8%a7%d8%aa%d8%a8-%d8%a7%d9%84%d8%ae%d9%84%d9%81%d9%8a%d8%a9\/%d9%86%d8%b8%d8%a7%d9%85-%d8%a7%d9%84%d8%aa%d9%82%d8%a7%d8%b1%d9%8a%d8%b1\/#breadcrumb","itemListElement":[{"@type":"ListItem","position":1,"name":"Ana sayfa","item":"https:\/\/omni.com.tr\/ar\/"},{"@type":"ListItem","position":2,"name":"\u0627\u0644\u0645\u0646\u062a\u062c\u0627\u062a","item":"https:\/\/omni.com.tr\/ar\/%d8%a7%d9%84%d9%85%d9%86%d8%aa%d8%ac%d8%a7%d8%aa\/"},{"@type":"ListItem","position":3,"name":"\u0623\u0646\u0638\u0645\u0629 \u0627\u0644\u0645\u0643\u0627\u062a\u0628 \u0627\u0644\u062e\u0644\u0641\u064a\u0629","item":"https:\/\/omni.com.tr\/ar\/%d8%a7%d9%84%d9%85%d9%86%d8%aa%d8%ac%d8%a7%d8%aa\/%d8%a3%d9%86%d8%b8%d9%85%d8%a9-%d8%a7%d9%84%d9%85%d9%83%d8%a7%d8%aa%d8%a8-%d8%a7%d9%84%d8%ae%d9%84%d9%81%d9%8a%d8%a9\/"},{"@type":"ListItem","position":4,"name":"\u0646\u0638\u0627\u0645 \u0627\u0644\u062a\u0642\u0627\u0631\u064a\u0631"}]},{"@type":"WebSite","@id":"https:\/\/omni.com.tr\/#website","url":"https:\/\/omni.com.tr\/","name":"Omni POS Sistemleri, Restoran Sistemleri, POS Otomasyonu, POS Yaz\u0131l\u0131m\u0131","description":"Restoran POS Otomasyonu Sistemleri, POS Sistemi, POS Yaz\u0131l\u0131m\u0131, Restaurant POS Sistemi","publisher":{"@id":"https:\/\/omni.com.tr\/#organization"},"alternateName":"Omni POS Sistemleri , POS Yaz\u0131l\u0131m\u0131, Restoran Program\u0131, Lokanta Program\u0131, Restoran Programlar\u0131, POS Sistemi","potentialAction":[{"@type":"SearchAction","target":{"@type":"EntryPoint","urlTemplate":"https:\/\/omni.com.tr\/?s={search_term_string}"},"query-input":{"@type":"PropertyValueSpecification","valueRequired":true,"valueName":"search_term_string"}}],"inLanguage":"ar"},{"@type":"Organization","@id":"https:\/\/omni.com.tr\/#organization","name":"Omni A\u015e.","url":"https:\/\/omni.com.tr\/","logo":{"@type":"ImageObject","inLanguage":"ar","@id":"https:\/\/omni.com.tr\/#\/schema\/logo\/image\/","url":"https:\/\/omni.com.tr\/wp-content\/uploads\/2022\/10\/logo1996dan.png","contentUrl":"https:\/\/omni.com.tr\/wp-content\/uploads\/2022\/10\/logo1996dan.png","width":1022,"height":492,"caption":"Omni A\u015e."},"image":{"@id":"https:\/\/omni.com.tr\/#\/schema\/logo\/image\/"},"sameAs":["https:\/\/www.facebook.com\/omnipossistemleri","https:\/\/www.linkedin.com\/company\/18402192\/","https:\/\/www.youtube.com\/@omnipossistemleri"]}]}},"_links":{"self":[{"href":"https:\/\/omni.com.tr\/ar\/wp-json\/wp\/v2\/pages\/30554","targetHints":{"allow":["GET"]}}],"collection":[{"href":"https:\/\/omni.com.tr\/ar\/wp-json\/wp\/v2\/pages"}],"about":[{"href":"https:\/\/omni.com.tr\/ar\/wp-json\/wp\/v2\/types\/page"}],"author":[{"embeddable":true,"href":"https:\/\/omni.com.tr\/ar\/wp-json\/wp\/v2\/users\/1"}],"replies":[{"embeddable":true,"href":"https:\/\/omni.com.tr\/ar\/wp-json\/wp\/v2\/comments?post=30554"}],"version-history":[{"count":5,"href":"https:\/\/omni.com.tr\/ar\/wp-json\/wp\/v2\/pages\/30554\/revisions"}],"predecessor-version":[{"id":30904,"href":"https:\/\/omni.com.tr\/ar\/wp-json\/wp\/v2\/pages\/30554\/revisions\/30904"}],"up":[{"embeddable":true,"href":"https:\/\/omni.com.tr\/ar\/wp-json\/wp\/v2\/pages\/30543"}],"wp:featuredmedia":[{"embeddable":true,"href":"https:\/\/omni.com.tr\/ar\/wp-json\/wp\/v2\/media\/30141"}],"wp:attachment":[{"href":"https:\/\/omni.com.tr\/ar\/wp-json\/wp\/v2\/media?parent=30554"}],"curies":[{"name":"wp","href":"https:\/\/api.w.org\/{rel}","templated":true}]}}