{"id":13517,"date":"2020-05-01T19:31:21","date_gmt":"2020-05-01T16:31:21","guid":{"rendered":"https:\/\/www.omni.com.tr\/?page_id=13517"},"modified":"2026-04-01T11:22:04","modified_gmt":"2026-04-01T08:22:04","slug":"omnipos-cloud-pos-systems","status":"publish","type":"page","link":"https:\/\/omni.com.tr\/en\/products\/pos-systems\/omnipos-cloud-pos-systems\/","title":{"rendered":"KumoPOS (Cloud POS Systems)"},"content":{"rendered":"\t<section class=\"section info-card-1\" id=\"section_421759949\">\n\t\t<div class=\"bg section-bg fill bg-fill bg-loaded bg-loaded\" >\n\n\t\t\t\n\t\t\t\n\t\t\t\n\n\t\t<\/div>\n\n\t\t\n\n\t\t<div class=\"section-content relative\">\n\t\t\t\n<div class=\"row\"  id=\"row-1969477385\">\n\n\t<div id=\"col-5957268\" class=\"col small-12 large-12\"  >\n\t\t\t\t<div class=\"col-inner text-center\"  >\n\t\t\t\n\t\t\t\n<h1>KumoPOS (Cloud POS System)<\/h1>\n\t\t<\/div>\n\t\t\t\t\n<style>\n#col-5957268 > .col-inner {\n  padding: 20px 0px 0px 0px;\n}\n<\/style>\n\t<\/div>\n\n\t\n<\/div>\n<div class=\"row row-small align-equal align-center\"  id=\"row-223751575\">\n\n\t<div id=\"col-1333339840\" class=\"col medium-4 small-12 large-4\"  >\n\t\t\t\t<div class=\"col-inner\"  >\n\t\t\t\n\t\t\t\n\t<div class=\"box has-hover   has-hover box-text-bottom\" >\n\n\t\t<div class=\"box-image\" >\n\t\t\t<a href=\"https:\/\/omni.com.tr\/en\/products\/pos-systems\/omnipos-cloud-pos-systems\/omnipos-s1-android\/\"  >\t\t\t<div class=\"\" >\n\t\t\t\t<img loading=\"lazy\" decoding=\"async\" width=\"300\" height=\"239\" src=\"https:\/\/omni.com.tr\/wp-content\/uploads\/2022\/09\/Kumo-POS-Giris.jpg\" class=\"attachment- size-\" alt=\"\" \/>\t\t\t\t\t\t\t\t\t\t\t<\/div>\n\t\t\t<\/a>\t\t<\/div>\n\n\t\t<div class=\"box-text text-center\" >\n\t\t\t<div class=\"box-text-inner\">\n\t\t\t\t\n<h4>KumoPOS<\/h4>\n<p>Cloud POS System<\/p>\n\t\t\t<\/div>\n\t\t<\/div>\n\t<\/div>\n\t\n\t\t<\/div>\n\t\t\t\t\t<\/div>\n\n\t\n\n\t<div id=\"col-383864437\" class=\"col medium-4 small-12 large-4\"  >\n\t\t\t\t<div class=\"col-inner\"  >\n\t\t\t\n\t\t\t\n\t<div class=\"box has-hover   has-hover box-text-bottom\" >\n\n\t\t<div class=\"box-image\" >\n\t\t\t<a href=\"https:\/\/omni.com.tr\/en\/products\/pos-systems\/omnipos-cloud-pos-systems\/omnipos-handheld-terminal\/\"  >\t\t\t<div class=\"\" >\n\t\t\t\t<img loading=\"lazy\" decoding=\"async\" width=\"300\" height=\"239\" src=\"https:\/\/omni.com.tr\/wp-content\/uploads\/2022\/09\/KumoPOS-El-Terminali-1.jpg\" class=\"attachment- size-\" alt=\"\" \/>\t\t\t\t\t\t\t\t\t\t\t<\/div>\n\t\t\t<\/a>\t\t<\/div>\n\n\t\t<div class=\"box-text text-center\" >\n\t\t\t<div class=\"box-text-inner\">\n\t\t\t\t\n<h4>KumoPOS Handheld Terminal<\/h4>\n\t\t\t<\/div>\n\t\t<\/div>\n\t<\/div>\n\t\n\t\t<\/div>\n\t\t\t\t\t<\/div>\n\n\t\n\n<style>\n#row-223751575 > .col > .col-inner {\n  background-color: rgb(255,255,255);\n}\n<\/style>\n<\/div>\n\t\t<\/div>\n\n\t\t\n<style>\n#section_421759949 {\n  padding-top: 50px;\n  padding-bottom: 50px;\n  background-color: rgb(244, 244, 244);\n}\n#section_421759949 .ux-shape-divider--top svg {\n  height: 150px;\n  --divider-top-width: 100%;\n}\n#section_421759949 .ux-shape-divider--bottom svg {\n  height: 150px;\n  --divider-width: 100%;\n}\n<\/style>\n\t<\/section>\n\t\n\t<section class=\"section\" id=\"section_1559612310\">\n\t\t<div class=\"bg section-bg fill bg-fill bg-loaded bg-loaded\" >\n\n\t\t\t\n\t\t\t\n\t\t\t\n\n\t\t<\/div>\n\n\t\t\n\n\t\t<div class=\"section-content relative\">\n\t\t\t\n<div class=\"row align-center\"  id=\"row-1368668891\">\n\n\t<div id=\"col-645294401\" class=\"col medium-10 small-10 large-9\"  >\n\t\t\t\t<div class=\"col-inner text-center\"  >\n\t\t\t\n\t\t\t\n<div id=\"text-3034352972\" class=\"text\">\n<p>We have too many requests for Omni\u2026<\/p>\n<\/div>\n<h2 style=\"font-size: 220%;\">Why KumoPOS?<\/h2>\n\t<div id=\"gap-1031159361\" class=\"gap-element clearfix\" style=\"display:block; height:auto;\">\n\t\t\n<style>\n#gap-1031159361 {\n  padding-top: 60px;\n}\n<\/style>\n\t<\/div>\n\t\n<div class=\"row row-large\"  id=\"row-859864940\">\n\n\t<div id=\"col-51602695\" class=\"col medium-12 small-12 large-6\"  >\n\t\t\t\t<div class=\"col-inner\"  >\n\t\t\t\n\t\t\t\n\n\t\t<div class=\"icon-box featured-box icon-box-left text-left\"  >\n\t\t\t\t\t<div class=\"icon-box-img\" style=\"width: 40px\">\n\t\t\t\t<div class=\"icon\">\n\t\t\t\t\t<div class=\"icon-inner\" >\n\t\t\t\t\t\t<img loading=\"lazy\" decoding=\"async\" width=\"120\" height=\"120\" src=\"https:\/\/omni.com.tr\/wp-content\/uploads\/2022\/09\/check-line.png\" class=\"attachment-medium size-medium\" alt=\"\" \/>\t\t\t\t\t<\/div>\n\t\t\t\t<\/div>\n\t\t\t<\/div>\n\t\t\t\t<div class=\"icon-box-text last-reset\">\n\t\t\t\t\t\t\t\t\t\n<h3>Software &amp; Hardware<\/h3>\n<p>Industry-specific software and hardware<\/p>\n\t\t<\/div>\n\t<\/div>\n\t\n\t\n\t\t<\/div>\n\t\t\t\t\t<\/div>\n\n\t\n\n\t<div id=\"col-169470298\" class=\"col medium-12 small-12 large-6\"  >\n\t\t\t\t<div class=\"col-inner\"  >\n\t\t\t\n\t\t\t\n\n\t\t<div class=\"icon-box featured-box icon-box-left text-left\"  >\n\t\t\t\t\t<div class=\"icon-box-img\" style=\"width: 40px\">\n\t\t\t\t<div class=\"icon\">\n\t\t\t\t\t<div class=\"icon-inner\" >\n\t\t\t\t\t\t<img loading=\"lazy\" decoding=\"async\" width=\"120\" height=\"120\" src=\"https:\/\/omni.com.tr\/wp-content\/uploads\/2022\/09\/check-line.png\" class=\"attachment-medium size-medium\" alt=\"\" \/>\t\t\t\t\t<\/div>\n\t\t\t\t<\/div>\n\t\t\t<\/div>\n\t\t\t\t<div class=\"icon-box-text last-reset\">\n\t\t\t\t\t\t\t\t\t\n<h3>Easy to Use<\/h3>\n<p>Extremely easy to use thanks to its advanced interface for waiters and cashiers<\/p>\n\t\t<\/div>\n\t<\/div>\n\t\n\t\n\t\t<\/div>\n\t\t\t\t\t<\/div>\n\n\t\n\n\t<div id=\"col-854732608\" class=\"col medium-12 small-12 large-6\"  >\n\t\t\t\t<div class=\"col-inner\"  >\n\t\t\t\n\t\t\t\n\n\t\t<div class=\"icon-box featured-box icon-box-left text-left\"  >\n\t\t\t\t\t<div class=\"icon-box-img\" style=\"width: 40px\">\n\t\t\t\t<div class=\"icon\">\n\t\t\t\t\t<div class=\"icon-inner\" >\n\t\t\t\t\t\t<img loading=\"lazy\" decoding=\"async\" width=\"120\" height=\"120\" src=\"https:\/\/omni.com.tr\/wp-content\/uploads\/2022\/09\/check-line.png\" class=\"attachment-medium size-medium\" alt=\"\" \/>\t\t\t\t\t<\/div>\n\t\t\t\t<\/div>\n\t\t\t<\/div>\n\t\t\t\t<div class=\"icon-box-text last-reset\">\n\t\t\t\t\t\t\t\t\t\n<h3>Management Without Limits<\/h3>\n<p>Very powerful, open database, unlimited store management for chain stores<\/p>\n\t\t<\/div>\n\t<\/div>\n\t\n\t\n\t\t<\/div>\n\t\t\t\t\t<\/div>\n\n\t\n\n\t<div id=\"col-382567582\" class=\"col medium-12 small-12 large-6\"  >\n\t\t\t\t<div class=\"col-inner\"  >\n\t\t\t\n\t\t\t\n\n\t\t<div class=\"icon-box featured-box icon-box-left text-left\"  >\n\t\t\t\t\t<div class=\"icon-box-img\" style=\"width: 40px\">\n\t\t\t\t<div class=\"icon\">\n\t\t\t\t\t<div class=\"icon-inner\" >\n\t\t\t\t\t\t<img loading=\"lazy\" decoding=\"async\" width=\"120\" height=\"120\" src=\"https:\/\/omni.com.tr\/wp-content\/uploads\/2022\/09\/check-line.png\" class=\"attachment-medium size-medium\" alt=\"\" \/>\t\t\t\t\t<\/div>\n\t\t\t\t<\/div>\n\t\t\t<\/div>\n\t\t\t\t<div class=\"icon-box-text last-reset\">\n\t\t\t\t\t\t\t\t\t\n<h3>Integration<\/h3>\n<p>Integration with all kinds of back office programs such as stock control and accounting<\/p>\n\t\t<\/div>\n\t<\/div>\n\t\n\t\n\t\t<\/div>\n\t\t\t\t\t<\/div>\n\n\t\n<\/div>\n\t<div id=\"gap-1587265068\" class=\"gap-element clearfix\" style=\"display:block; height:auto;\">\n\t\t\n<style>\n#gap-1587265068 {\n  padding-top: 60px;\n}\n<\/style>\n\t<\/div>\n\t\n<h2>Software and Hardware Features<\/h2>\n\t<div id=\"gap-312628586\" class=\"gap-element clearfix\" style=\"display:block; height:auto;\">\n\t\t\n<style>\n#gap-312628586 {\n  padding-top: 60px;\n}\n<\/style>\n\t<\/div>\n\t\n<div class=\"row row-large\"  id=\"row-494961837\">\n\n\t<div id=\"col-1247249414\" class=\"col medium-12 small-12 large-6\"  >\n\t\t\t\t<div class=\"col-inner\"  >\n\t\t\t\n\t\t\t\n\t<div id=\"text-2560235568\" class=\"text\">\n\t\t\n<ul>\n<li>Hardware and software produced with German technology<\/li>\n<li>The advantage of using multiple hardware with a single software in the same business<\/li>\n<li>Onboard and PC-based system options<\/li>\n<li>Smart Terminal: Stand-alone capability<\/li>\n<li>Color, touch and 12\u201d, 14\u2033 and 15\u2033 screen options according to terminal type<\/li>\n<li>Possibility to use up to 200 terminals in the same business<\/li>\n<li>Logging into the system with a smart user key and using all kinds of functions according to authorization levels<\/li>\n<li>Display or print product details such as ingredients, recipes, and calories to the screen, kitchen printer or ticket<\/li>\n<li>Enter an order by seat number or name<\/li>\n<li>Promotions, Happy Hour etc. Automatically changing product prices in desired time zones<\/li>\n<li>Opening more than one check at the same time in Fast Food applications<\/li>\n<li>Hour\/ Day\/ Month\/ Year and Staff, Menu Item, Revenue etc. all kinds of detailed reports on the basis of<\/li>\n<\/ul>\n\t\t\n<style>\n#text-2560235568 {\n  text-align: left;\n}\n<\/style>\n\t<\/div>\n\t\n\t\t<\/div>\n\t\t\t\t\t<\/div>\n\n\t\n\n\t<div id=\"col-459234194\" class=\"col medium-12 small-12 large-6\"  >\n\t\t\t\t<div class=\"col-inner\"  >\n\t\t\t\n\t\t\t\n\t<div id=\"text-1981711426\" class=\"text\">\n\t\t\n<ul>\n<li>Waterproof, durable, special equipment specially produced for the restaurant industry<\/li>\n<li>Package system and customer tracking modules<\/li>\n<li>Very powerful, open database, VCommander Central Management Module for chain stores that manages unlimited stores<\/li>\n<li>Quantity-based\/weighted stock module<\/li>\n<li>Database structure open to any brand back office integration<\/li>\n<li>Integration with back office programs such as Stock Control and Accounting<\/li>\n<li>Integration with the Customer Loyalty System<\/li>\n<li>Scale\/Barcode Scanner integration<\/li>\n<li>USB Online BackUp \u201cInstant Automatic Backup\u201d in Terminals<\/li>\n<li>Advanced table planning<\/li>\n<li>Suitable for Table Service and Express Service<\/li>\n<li>It is suitable for businesses that require a ticket with the feature of \u201cPress the same ticket again\u201d<br \/>\nPersonnel Entry-Exit control<\/li>\n<\/ul>\n\t\t\n<style>\n#text-1981711426 {\n  text-align: left;\n}\n<\/style>\n\t<\/div>\n\t\n\t\t<\/div>\n\t\t\t\t\t<\/div>\n\n\t\n<\/div>\n\t\t<\/div>\n\t\t\t\t\n<style>\n#col-645294401 > .col-inner {\n  padding: 40px 0px 0px 0px;\n}\n<\/style>\n\t<\/div>\n\n\t\n<\/div>\n\t\t<\/div>\n\n\t\t\n<style>\n#section_1559612310 {\n  padding-top: 70px;\n  padding-bottom: 70px;\n  background-color: rgb(242, 238, 241);\n}\n#section_1559612310 .ux-shape-divider--top svg {\n  height: 150px;\n  --divider-top-width: 100%;\n}\n#section_1559612310 .ux-shape-divider--bottom svg {\n  height: 150px;\n  --divider-width: 100%;\n}\n<\/style>\n\t<\/section>\n\t\n","protected":false},"excerpt":{"rendered":"","protected":false},"author":1,"featured_media":0,"parent":13647,"menu_order":0,"comment_status":"closed","ping_status":"closed","template":"page-blank.php","meta":{"footnotes":""},"class_list":["post-13517","page","type-page","status-publish","hentry"],"yoast_head":"<!-- This site is optimized with the Yoast SEO plugin v27.4 - https:\/\/yoast.com\/product\/yoast-seo-wordpress\/ -->\n<title>KumoPOS (Cloud POS Systems) - Omni POS Sistemleri<\/title>\n<meta name=\"robots\" content=\"index, follow, max-snippet:-1, max-image-preview:large, max-video-preview:-1\" \/>\n<link rel=\"canonical\" href=\"https:\/\/omni.com.tr\/en\/products\/pos-systems\/omnipos-cloud-pos-systems\/\" \/>\n<meta property=\"og:locale\" content=\"en_US\" \/>\n<meta property=\"og:type\" content=\"article\" \/>\n<meta property=\"og:title\" content=\"KumoPOS (Cloud POS Systems) - Omni POS Sistemleri\" \/>\n<meta property=\"og:url\" content=\"https:\/\/omni.com.tr\/en\/products\/pos-systems\/omnipos-cloud-pos-systems\/\" \/>\n<meta property=\"og:site_name\" content=\"Omni POS Sistemleri\" \/>\n<meta property=\"article:publisher\" content=\"https:\/\/www.facebook.com\/omnipossistemleri\" \/>\n<meta property=\"article:modified_time\" content=\"2026-04-01T08:22:04+00:00\" \/>\n<meta name=\"twitter:card\" content=\"summary_large_image\" \/>\n<meta name=\"twitter:label1\" content=\"Est. reading time\" \/>\n\t<meta name=\"twitter:data1\" content=\"3 minutes\" \/>\n<script type=\"application\/ld+json\" class=\"yoast-schema-graph\">{\"@context\":\"https:\\\/\\\/schema.org\",\"@graph\":[{\"@type\":\"WebPage\",\"@id\":\"https:\\\/\\\/omni.com.tr\\\/en\\\/products\\\/pos-systems\\\/omnipos-cloud-pos-systems\\\/\",\"url\":\"https:\\\/\\\/omni.com.tr\\\/en\\\/products\\\/pos-systems\\\/omnipos-cloud-pos-systems\\\/\",\"name\":\"KumoPOS (Cloud POS Systems) - Omni POS Sistemleri\",\"isPartOf\":{\"@id\":\"https:\\\/\\\/omni.com.tr\\\/#website\"},\"datePublished\":\"2020-05-01T16:31:21+00:00\",\"dateModified\":\"2026-04-01T08:22:04+00:00\",\"breadcrumb\":{\"@id\":\"https:\\\/\\\/omni.com.tr\\\/en\\\/products\\\/pos-systems\\\/omnipos-cloud-pos-systems\\\/#breadcrumb\"},\"inLanguage\":\"en-US\",\"potentialAction\":[{\"@type\":\"ReadAction\",\"target\":[\"https:\\\/\\\/omni.com.tr\\\/en\\\/products\\\/pos-systems\\\/omnipos-cloud-pos-systems\\\/\"]}]},{\"@type\":\"BreadcrumbList\",\"@id\":\"https:\\\/\\\/omni.com.tr\\\/en\\\/products\\\/pos-systems\\\/omnipos-cloud-pos-systems\\\/#breadcrumb\",\"itemListElement\":[{\"@type\":\"ListItem\",\"position\":1,\"name\":\"Ana sayfa\",\"item\":\"https:\\\/\\\/omni.com.tr\\\/\"},{\"@type\":\"ListItem\",\"position\":2,\"name\":\"Products\",\"item\":\"https:\\\/\\\/omni.com.tr\\\/en\\\/products\\\/\"},{\"@type\":\"ListItem\",\"position\":3,\"name\":\"POS Systems\",\"item\":\"https:\\\/\\\/omni.com.tr\\\/en\\\/?page_id=13647\"},{\"@type\":\"ListItem\",\"position\":4,\"name\":\"KumoPOS (Cloud POS Systems)\"}]},{\"@type\":\"WebSite\",\"@id\":\"https:\\\/\\\/omni.com.tr\\\/#website\",\"url\":\"https:\\\/\\\/omni.com.tr\\\/\",\"name\":\"Omni POS Sistemleri, Restoran Sistemleri, POS Otomasyonu, POS Yaz\u0131l\u0131m\u0131\",\"description\":\"Restoran POS Otomasyonu Sistemleri, POS Sistemi, POS Yaz\u0131l\u0131m\u0131, Restaurant POS Sistemi\",\"publisher\":{\"@id\":\"https:\\\/\\\/omni.com.tr\\\/#organization\"},\"alternateName\":\"Omni POS Sistemleri , POS Yaz\u0131l\u0131m\u0131, Restoran Program\u0131, Lokanta Program\u0131, Restoran Programlar\u0131, POS Sistemi\",\"potentialAction\":[{\"@type\":\"SearchAction\",\"target\":{\"@type\":\"EntryPoint\",\"urlTemplate\":\"https:\\\/\\\/omni.com.tr\\\/?s={search_term_string}\"},\"query-input\":{\"@type\":\"PropertyValueSpecification\",\"valueRequired\":true,\"valueName\":\"search_term_string\"}}],\"inLanguage\":\"en-US\"},{\"@type\":\"Organization\",\"@id\":\"https:\\\/\\\/omni.com.tr\\\/#organization\",\"name\":\"Omni A\u015e.\",\"url\":\"https:\\\/\\\/omni.com.tr\\\/\",\"logo\":{\"@type\":\"ImageObject\",\"inLanguage\":\"en-US\",\"@id\":\"https:\\\/\\\/omni.com.tr\\\/#\\\/schema\\\/logo\\\/image\\\/\",\"url\":\"https:\\\/\\\/omni.com.tr\\\/wp-content\\\/uploads\\\/2022\\\/10\\\/logo1996dan.png\",\"contentUrl\":\"https:\\\/\\\/omni.com.tr\\\/wp-content\\\/uploads\\\/2022\\\/10\\\/logo1996dan.png\",\"width\":1022,\"height\":492,\"caption\":\"Omni A\u015e.\"},\"image\":{\"@id\":\"https:\\\/\\\/omni.com.tr\\\/#\\\/schema\\\/logo\\\/image\\\/\"},\"sameAs\":[\"https:\\\/\\\/www.facebook.com\\\/omnipossistemleri\",\"https:\\\/\\\/www.linkedin.com\\\/company\\\/18402192\\\/\",\"https:\\\/\\\/www.youtube.com\\\/@omnipossistemleri\"]}]}<\/script>\n<!-- \/ Yoast SEO plugin. -->","yoast_head_json":{"title":"KumoPOS (Cloud POS Systems) - Omni POS Sistemleri","robots":{"index":"index","follow":"follow","max-snippet":"max-snippet:-1","max-image-preview":"max-image-preview:large","max-video-preview":"max-video-preview:-1"},"canonical":"https:\/\/omni.com.tr\/en\/products\/pos-systems\/omnipos-cloud-pos-systems\/","og_locale":"en_US","og_type":"article","og_title":"KumoPOS (Cloud POS Systems) - Omni POS Sistemleri","og_url":"https:\/\/omni.com.tr\/en\/products\/pos-systems\/omnipos-cloud-pos-systems\/","og_site_name":"Omni POS Sistemleri","article_publisher":"https:\/\/www.facebook.com\/omnipossistemleri","article_modified_time":"2026-04-01T08:22:04+00:00","twitter_card":"summary_large_image","twitter_misc":{"Est. reading time":"3 minutes"},"schema":{"@context":"https:\/\/schema.org","@graph":[{"@type":"WebPage","@id":"https:\/\/omni.com.tr\/en\/products\/pos-systems\/omnipos-cloud-pos-systems\/","url":"https:\/\/omni.com.tr\/en\/products\/pos-systems\/omnipos-cloud-pos-systems\/","name":"KumoPOS (Cloud POS Systems) - Omni POS Sistemleri","isPartOf":{"@id":"https:\/\/omni.com.tr\/#website"},"datePublished":"2020-05-01T16:31:21+00:00","dateModified":"2026-04-01T08:22:04+00:00","breadcrumb":{"@id":"https:\/\/omni.com.tr\/en\/products\/pos-systems\/omnipos-cloud-pos-systems\/#breadcrumb"},"inLanguage":"en-US","potentialAction":[{"@type":"ReadAction","target":["https:\/\/omni.com.tr\/en\/products\/pos-systems\/omnipos-cloud-pos-systems\/"]}]},{"@type":"BreadcrumbList","@id":"https:\/\/omni.com.tr\/en\/products\/pos-systems\/omnipos-cloud-pos-systems\/#breadcrumb","itemListElement":[{"@type":"ListItem","position":1,"name":"Ana sayfa","item":"https:\/\/omni.com.tr\/"},{"@type":"ListItem","position":2,"name":"Products","item":"https:\/\/omni.com.tr\/en\/products\/"},{"@type":"ListItem","position":3,"name":"POS Systems","item":"https:\/\/omni.com.tr\/en\/?page_id=13647"},{"@type":"ListItem","position":4,"name":"KumoPOS (Cloud POS Systems)"}]},{"@type":"WebSite","@id":"https:\/\/omni.com.tr\/#website","url":"https:\/\/omni.com.tr\/","name":"Omni POS Sistemleri, Restoran Sistemleri, POS Otomasyonu, POS Yaz\u0131l\u0131m\u0131","description":"Restoran POS Otomasyonu Sistemleri, POS Sistemi, POS Yaz\u0131l\u0131m\u0131, Restaurant POS Sistemi","publisher":{"@id":"https:\/\/omni.com.tr\/#organization"},"alternateName":"Omni POS Sistemleri , POS Yaz\u0131l\u0131m\u0131, Restoran Program\u0131, Lokanta Program\u0131, Restoran Programlar\u0131, POS Sistemi","potentialAction":[{"@type":"SearchAction","target":{"@type":"EntryPoint","urlTemplate":"https:\/\/omni.com.tr\/?s={search_term_string}"},"query-input":{"@type":"PropertyValueSpecification","valueRequired":true,"valueName":"search_term_string"}}],"inLanguage":"en-US"},{"@type":"Organization","@id":"https:\/\/omni.com.tr\/#organization","name":"Omni A\u015e.","url":"https:\/\/omni.com.tr\/","logo":{"@type":"ImageObject","inLanguage":"en-US","@id":"https:\/\/omni.com.tr\/#\/schema\/logo\/image\/","url":"https:\/\/omni.com.tr\/wp-content\/uploads\/2022\/10\/logo1996dan.png","contentUrl":"https:\/\/omni.com.tr\/wp-content\/uploads\/2022\/10\/logo1996dan.png","width":1022,"height":492,"caption":"Omni A\u015e."},"image":{"@id":"https:\/\/omni.com.tr\/#\/schema\/logo\/image\/"},"sameAs":["https:\/\/www.facebook.com\/omnipossistemleri","https:\/\/www.linkedin.com\/company\/18402192\/","https:\/\/www.youtube.com\/@omnipossistemleri"]}]}},"_links":{"self":[{"href":"https:\/\/omni.com.tr\/en\/wp-json\/wp\/v2\/pages\/13517","targetHints":{"allow":["GET"]}}],"collection":[{"href":"https:\/\/omni.com.tr\/en\/wp-json\/wp\/v2\/pages"}],"about":[{"href":"https:\/\/omni.com.tr\/en\/wp-json\/wp\/v2\/types\/page"}],"author":[{"embeddable":true,"href":"https:\/\/omni.com.tr\/en\/wp-json\/wp\/v2\/users\/1"}],"replies":[{"embeddable":true,"href":"https:\/\/omni.com.tr\/en\/wp-json\/wp\/v2\/comments?post=13517"}],"version-history":[{"count":6,"href":"https:\/\/omni.com.tr\/en\/wp-json\/wp\/v2\/pages\/13517\/revisions"}],"predecessor-version":[{"id":34235,"href":"https:\/\/omni.com.tr\/en\/wp-json\/wp\/v2\/pages\/13517\/revisions\/34235"}],"up":[{"embeddable":true,"href":"https:\/\/omni.com.tr\/en\/wp-json\/wp\/v2\/pages\/13647"}],"wp:attachment":[{"href":"https:\/\/omni.com.tr\/en\/wp-json\/wp\/v2\/media?parent=13517"}],"curies":[{"name":"wp","href":"https:\/\/api.w.org\/{rel}","templated":true}]}}