{"id":13617,"date":"2020-05-01T20:57:49","date_gmt":"2020-05-01T17:57:49","guid":{"rendered":"https:\/\/www.omni.com.tr\/?page_id=13617"},"modified":"2021-01-03T16:25:59","modified_gmt":"2021-01-03T13:25:59","slug":"additional-pos-products","status":"publish","type":"page","link":"https:\/\/omni.com.tr\/en\/products\/additional-pos-products\/","title":{"rendered":"Additional POS Products"},"content":{"rendered":"[vc_row lg_spacing=&#8221;padding_top:75;padding_bottom:50&#8243; sm_spacing=&#8221;padding_top:100;padding_bottom:100&#8243;][vc_column offset=&#8221;vc_col-md-7&#8243;][tm_image image=&#8221;5519&#8243;][tm_spacer size=&#8221;lg:50&#8243;][\/vc_column][vc_column offset=&#8221;vc_col-md-5&#8243;][tm_heading style=&#8221;modern&#8221; custom_google_font=&#8221;&#8221; text=&#8221;PRODUCTS&#8221;][tm_spacer size=&#8221;lg:10&#8243;][tm_heading custom_google_font=&#8221;&#8221; text=&#8221;Additional POS Products&#8221; font_size=&#8221;sm:24;md:30;lg:36&#8243; max_width=&#8221;970px&#8221; line_height=&#8221;1.38&#8243;][tm_spacer size=&#8221;lg:18&#8243;][tm_heading tag=&#8221;div&#8221; custom_google_font=&#8221;&#8221; text=&#8221;In addition to POS Systems, Omni offers printers, additional equipment, supplies and cash register systems in your business.&#8221;][tm_spacer size=&#8221;lg:45&#8243;][vc_row_inner][vc_column_inner][tm_button style=&#8221;modern&#8221; size=&#8221;custom&#8221; full_wide=&#8221;1&#8243; button=&#8221;url:https%3A%2F%2Fnew.omni.com.tr%2Fen%2Fproducts%2Fadditional-pos-products%2Fprinters%2F|title:Printers||&#8221; icon_align=&#8221;left&#8221; action=&#8221;smooth_scroll&#8221; icon_type=&#8221;fontawesome&#8221; icon_fontawesome=&#8221;fa fa-arrow-right&#8221; width=&#8221;180&#8243;][tm_spacer size=&#8221;lg:8&#8243;][tm_button style=&#8221;modern&#8221; size=&#8221;custom&#8221; full_wide=&#8221;1&#8243; button=&#8221;url:https%3A%2F%2Fnew.omni.com.tr%2Fen%2Fproducts%2Fadditional-pos-products%2Fconsumable-materials%2F|title:Consumable%20Materials||&#8221; icon_align=&#8221;left&#8221; action=&#8221;smooth_scroll&#8221; icon_type=&#8221;fontawesome&#8221; icon_fontawesome=&#8221;fa fa-arrow-right&#8221; width=&#8221;180&#8243;][tm_spacer size=&#8221;lg:8&#8243;][tm_button style=&#8221;modern&#8221; size=&#8221;custom&#8221; full_wide=&#8221;1&#8243; button=&#8221;url:https%3A%2F%2Fnew.omni.com.tr%2Fen%2Fproducts%2Fadditional-pos-products%2Fadditional-equipment%2F|title:Additional%20Equipment||&#8221; icon_align=&#8221;left&#8221; action=&#8221;smooth_scroll&#8221; icon_type=&#8221;fontawesome&#8221; icon_fontawesome=&#8221;fa fa-arrow-right&#8221; width=&#8221;180&#8243;][tm_spacer size=&#8221;lg:8&#8243;][tm_button style=&#8221;modern&#8221; size=&#8221;custom&#8221; full_wide=&#8221;1&#8243; button=&#8221;url:https%3A%2F%2Fnew.omni.com.tr%2Fen%2Fproducts%2Fadditional-pos-products%2Fingenico-cash-register-systems%2F|title:Ignenico%20Cash%20Register%20Systems||&#8221; icon_align=&#8221;left&#8221; action=&#8221;smooth_scroll&#8221; icon_type=&#8221;fontawesome&#8221; icon_fontawesome=&#8221;fa fa-arrow-right&#8221; width=&#8221;180&#8243;][\/vc_column_inner][\/vc_row_inner][\/vc_column][\/vc_row]\n","protected":false},"excerpt":{"rendered":"[vc_row lg_spacing=&#8221;padding_top:75;padding_bottom:50&#8243; sm_spacing=&#8221;padding_top:100;padding_bottom:100&#8243;][vc_column offset=&#8221;vc_col-md-7&#8243;][tm_image image=&#8221;5519&#8243;][tm_spacer size=&#8221;lg:50&#8243;][\/vc_column][vc_column offset=&#8221;vc_col-md-5&#8243;][tm_heading style=&#8221;modern&#8221; custom_google_font=&#8221;&#8221; text=&#8221;PRODUCTS&#8221;][tm_spacer size=&#8221;lg:10&#8243;][tm_heading custom_google_font=&#8221;&#8221; text=&#8221;Additional POS Products&#8221; font_size=&#8221;sm:24;md:30;lg:36&#8243; max_width=&#8221;970px&#8221; line_height=&#8221;1.38&#8243;][tm_spacer size=&#8221;lg:18&#8243;][tm_heading tag=&#8221;div&#8221; custom_google_font=&#8221;&#8221; text=&#8221;In addition to POS Systems, Omni offers printers, additional equipment, supplies and cash register systems in your business.&#8221;][tm_spacer size=&#8221;lg:45&#8243;][vc_row_inner][vc_column_inner][tm_button style=&#8221;modern&#8221; size=&#8221;custom&#8221; full_wide=&#8221;1&#8243; button=&#8221;url:https%3A%2F%2Fnew.omni.com.tr%2Fen%2Fproducts%2Fadditional-pos-products%2Fprinters%2F|title:Printers||&#8221; icon_align=&#8221;left&#8221; action=&#8221;smooth_scroll&#8221; icon_type=&#8221;fontawesome&#8221; icon_fontawesome=&#8221;fa fa-arrow-right&#8221; width=&#8221;180&#8243;][tm_spacer size=&#8221;lg:8&#8243;][tm_button style=&#8221;modern&#8221; size=&#8221;custom&#8221; full_wide=&#8221;1&#8243; button=&#8221;url:https%3A%2F%2Fnew.omni.com.tr%2Fen%2Fproducts%2Fadditional-pos-products%2Fconsumable-materials%2F|title:Consumable%20Materials||&#8221;[&#8230;]\n","protected":false},"author":1,"featured_media":0,"parent":13476,"menu_order":0,"comment_status":"closed","ping_status":"closed","template":"","meta":{"footnotes":""},"class_list":["post-13617","page","type-page","status-publish","hentry"],"yoast_head":"<!-- This site is optimized with the Yoast SEO plugin v27.4 - https:\/\/yoast.com\/product\/yoast-seo-wordpress\/ -->\n<title>Additional POS Products - Omni POS Sistemleri<\/title>\n<meta name=\"robots\" content=\"index, follow, max-snippet:-1, max-image-preview:large, max-video-preview:-1\" \/>\n<link rel=\"canonical\" href=\"https:\/\/omni.com.tr\/en\/products\/additional-pos-products\/\" \/>\n<meta property=\"og:locale\" content=\"en_US\" \/>\n<meta property=\"og:type\" content=\"article\" \/>\n<meta property=\"og:title\" content=\"Additional POS Products - Omni POS Sistemleri\" \/>\n<meta property=\"og:description\" content=\"[vc_row lg_spacing=&#8221;padding_top:75;padding_bottom:50&#8243; sm_spacing=&#8221;padding_top:100;padding_bottom:100&#8243;][vc_column offset=&#8221;vc_col-md-7&#8243;][tm_image image=&#8221;5519&#8243;][tm_spacer size=&#8221;lg:50&#8243;][\/vc_column][vc_column offset=&#8221;vc_col-md-5&#8243;][tm_heading style=&#8221;modern&#8221; custom_google_font=&#8221;&#8221; text=&#8221;PRODUCTS&#8221;][tm_spacer size=&#8221;lg:10&#8243;][tm_heading custom_google_font=&#8221;&#8221; text=&#8221;Additional POS Products&#8221; font_size=&#8221;sm:24;md:30;lg:36&#8243; max_width=&#8221;970px&#8221; line_height=&#8221;1.38&#8243;][tm_spacer size=&#8221;lg:18&#8243;][tm_heading tag=&#8221;div&#8221; custom_google_font=&#8221;&#8221; text=&#8221;In addition to POS Systems, Omni offers printers, additional equipment, supplies and cash register systems in your business.&#8221;][tm_spacer size=&#8221;lg:45&#8243;][vc_row_inner][vc_column_inner][tm_button style=&#8221;modern&#8221; size=&#8221;custom&#8221; full_wide=&#8221;1&#8243; button=&#8221;url:https%3A%2F%2Fnew.omni.com.tr%2Fen%2Fproducts%2Fadditional-pos-products%2Fprinters%2F|title:Printers||&#8221; icon_align=&#8221;left&#8221; action=&#8221;smooth_scroll&#8221; icon_type=&#8221;fontawesome&#8221; icon_fontawesome=&#8221;fa fa-arrow-right&#8221; width=&#8221;180&#8243;][tm_spacer size=&#8221;lg:8&#8243;][tm_button style=&#8221;modern&#8221; size=&#8221;custom&#8221; full_wide=&#8221;1&#8243; button=&#8221;url:https%3A%2F%2Fnew.omni.com.tr%2Fen%2Fproducts%2Fadditional-pos-products%2Fconsumable-materials%2F|title:Consumable%20Materials||&#8221;[...]\" \/>\n<meta property=\"og:url\" content=\"https:\/\/omni.com.tr\/en\/products\/additional-pos-products\/\" \/>\n<meta property=\"og:site_name\" content=\"Omni POS Sistemleri\" \/>\n<meta property=\"article:publisher\" content=\"https:\/\/www.facebook.com\/omnipossistemleri\" \/>\n<meta property=\"article:modified_time\" content=\"2021-01-03T13:25:59+00:00\" \/>\n<meta name=\"twitter:card\" content=\"summary_large_image\" \/>\n<meta name=\"twitter:label1\" content=\"Est. reading time\" \/>\n\t<meta name=\"twitter:data1\" content=\"1 minute\" \/>\n<script type=\"application\/ld+json\" class=\"yoast-schema-graph\">{\"@context\":\"https:\\\/\\\/schema.org\",\"@graph\":[{\"@type\":\"WebPage\",\"@id\":\"https:\\\/\\\/omni.com.tr\\\/en\\\/products\\\/additional-pos-products\\\/\",\"url\":\"https:\\\/\\\/omni.com.tr\\\/en\\\/products\\\/additional-pos-products\\\/\",\"name\":\"Additional POS Products - Omni POS Sistemleri\",\"isPartOf\":{\"@id\":\"https:\\\/\\\/omni.com.tr\\\/#website\"},\"datePublished\":\"2020-05-01T17:57:49+00:00\",\"dateModified\":\"2021-01-03T13:25:59+00:00\",\"breadcrumb\":{\"@id\":\"https:\\\/\\\/omni.com.tr\\\/en\\\/products\\\/additional-pos-products\\\/#breadcrumb\"},\"inLanguage\":\"en-US\",\"potentialAction\":[{\"@type\":\"ReadAction\",\"target\":[\"https:\\\/\\\/omni.com.tr\\\/en\\\/products\\\/additional-pos-products\\\/\"]}]},{\"@type\":\"BreadcrumbList\",\"@id\":\"https:\\\/\\\/omni.com.tr\\\/en\\\/products\\\/additional-pos-products\\\/#breadcrumb\",\"itemListElement\":[{\"@type\":\"ListItem\",\"position\":1,\"name\":\"Ana sayfa\",\"item\":\"https:\\\/\\\/omni.com.tr\\\/\"},{\"@type\":\"ListItem\",\"position\":2,\"name\":\"Products\",\"item\":\"https:\\\/\\\/omni.com.tr\\\/en\\\/products\\\/\"},{\"@type\":\"ListItem\",\"position\":3,\"name\":\"Additional POS Products\"}]},{\"@type\":\"WebSite\",\"@id\":\"https:\\\/\\\/omni.com.tr\\\/#website\",\"url\":\"https:\\\/\\\/omni.com.tr\\\/\",\"name\":\"Omni POS Sistemleri, Restoran Sistemleri, POS Otomasyonu, POS Yaz\u0131l\u0131m\u0131\",\"description\":\"Restoran POS Otomasyonu Sistemleri, POS Sistemi, POS Yaz\u0131l\u0131m\u0131, Restaurant POS Sistemi\",\"publisher\":{\"@id\":\"https:\\\/\\\/omni.com.tr\\\/#organization\"},\"alternateName\":\"Omni POS Sistemleri , POS Yaz\u0131l\u0131m\u0131, Restoran Program\u0131, Lokanta Program\u0131, Restoran Programlar\u0131, POS Sistemi\",\"potentialAction\":[{\"@type\":\"SearchAction\",\"target\":{\"@type\":\"EntryPoint\",\"urlTemplate\":\"https:\\\/\\\/omni.com.tr\\\/?s={search_term_string}\"},\"query-input\":{\"@type\":\"PropertyValueSpecification\",\"valueRequired\":true,\"valueName\":\"search_term_string\"}}],\"inLanguage\":\"en-US\"},{\"@type\":\"Organization\",\"@id\":\"https:\\\/\\\/omni.com.tr\\\/#organization\",\"name\":\"Omni A\u015e.\",\"url\":\"https:\\\/\\\/omni.com.tr\\\/\",\"logo\":{\"@type\":\"ImageObject\",\"inLanguage\":\"en-US\",\"@id\":\"https:\\\/\\\/omni.com.tr\\\/#\\\/schema\\\/logo\\\/image\\\/\",\"url\":\"https:\\\/\\\/omni.com.tr\\\/wp-content\\\/uploads\\\/2022\\\/10\\\/logo1996dan.png\",\"contentUrl\":\"https:\\\/\\\/omni.com.tr\\\/wp-content\\\/uploads\\\/2022\\\/10\\\/logo1996dan.png\",\"width\":1022,\"height\":492,\"caption\":\"Omni A\u015e.\"},\"image\":{\"@id\":\"https:\\\/\\\/omni.com.tr\\\/#\\\/schema\\\/logo\\\/image\\\/\"},\"sameAs\":[\"https:\\\/\\\/www.facebook.com\\\/omnipossistemleri\",\"https:\\\/\\\/www.linkedin.com\\\/company\\\/18402192\\\/\",\"https:\\\/\\\/www.youtube.com\\\/@omnipossistemleri\"]}]}<\/script>\n<!-- \/ Yoast SEO plugin. -->","yoast_head_json":{"title":"Additional POS Products - Omni POS Sistemleri","robots":{"index":"index","follow":"follow","max-snippet":"max-snippet:-1","max-image-preview":"max-image-preview:large","max-video-preview":"max-video-preview:-1"},"canonical":"https:\/\/omni.com.tr\/en\/products\/additional-pos-products\/","og_locale":"en_US","og_type":"article","og_title":"Additional POS Products - Omni POS Sistemleri","og_description":"[vc_row lg_spacing=&#8221;padding_top:75;padding_bottom:50&#8243; sm_spacing=&#8221;padding_top:100;padding_bottom:100&#8243;][vc_column offset=&#8221;vc_col-md-7&#8243;][tm_image image=&#8221;5519&#8243;][tm_spacer size=&#8221;lg:50&#8243;][\/vc_column][vc_column offset=&#8221;vc_col-md-5&#8243;][tm_heading style=&#8221;modern&#8221; custom_google_font=&#8221;&#8221; text=&#8221;PRODUCTS&#8221;][tm_spacer size=&#8221;lg:10&#8243;][tm_heading custom_google_font=&#8221;&#8221; text=&#8221;Additional POS Products&#8221; font_size=&#8221;sm:24;md:30;lg:36&#8243; max_width=&#8221;970px&#8221; line_height=&#8221;1.38&#8243;][tm_spacer size=&#8221;lg:18&#8243;][tm_heading tag=&#8221;div&#8221; custom_google_font=&#8221;&#8221; text=&#8221;In addition to POS Systems, Omni offers printers, additional equipment, supplies and cash register systems in your business.&#8221;][tm_spacer size=&#8221;lg:45&#8243;][vc_row_inner][vc_column_inner][tm_button style=&#8221;modern&#8221; size=&#8221;custom&#8221; full_wide=&#8221;1&#8243; button=&#8221;url:https%3A%2F%2Fnew.omni.com.tr%2Fen%2Fproducts%2Fadditional-pos-products%2Fprinters%2F|title:Printers||&#8221; icon_align=&#8221;left&#8221; action=&#8221;smooth_scroll&#8221; icon_type=&#8221;fontawesome&#8221; icon_fontawesome=&#8221;fa fa-arrow-right&#8221; width=&#8221;180&#8243;][tm_spacer size=&#8221;lg:8&#8243;][tm_button style=&#8221;modern&#8221; size=&#8221;custom&#8221; full_wide=&#8221;1&#8243; button=&#8221;url:https%3A%2F%2Fnew.omni.com.tr%2Fen%2Fproducts%2Fadditional-pos-products%2Fconsumable-materials%2F|title:Consumable%20Materials||&#8221;[...]","og_url":"https:\/\/omni.com.tr\/en\/products\/additional-pos-products\/","og_site_name":"Omni POS Sistemleri","article_publisher":"https:\/\/www.facebook.com\/omnipossistemleri","article_modified_time":"2021-01-03T13:25:59+00:00","twitter_card":"summary_large_image","twitter_misc":{"Est. reading time":"1 minute"},"schema":{"@context":"https:\/\/schema.org","@graph":[{"@type":"WebPage","@id":"https:\/\/omni.com.tr\/en\/products\/additional-pos-products\/","url":"https:\/\/omni.com.tr\/en\/products\/additional-pos-products\/","name":"Additional POS Products - Omni POS Sistemleri","isPartOf":{"@id":"https:\/\/omni.com.tr\/#website"},"datePublished":"2020-05-01T17:57:49+00:00","dateModified":"2021-01-03T13:25:59+00:00","breadcrumb":{"@id":"https:\/\/omni.com.tr\/en\/products\/additional-pos-products\/#breadcrumb"},"inLanguage":"en-US","potentialAction":[{"@type":"ReadAction","target":["https:\/\/omni.com.tr\/en\/products\/additional-pos-products\/"]}]},{"@type":"BreadcrumbList","@id":"https:\/\/omni.com.tr\/en\/products\/additional-pos-products\/#breadcrumb","itemListElement":[{"@type":"ListItem","position":1,"name":"Ana sayfa","item":"https:\/\/omni.com.tr\/"},{"@type":"ListItem","position":2,"name":"Products","item":"https:\/\/omni.com.tr\/en\/products\/"},{"@type":"ListItem","position":3,"name":"Additional POS Products"}]},{"@type":"WebSite","@id":"https:\/\/omni.com.tr\/#website","url":"https:\/\/omni.com.tr\/","name":"Omni POS Sistemleri, Restoran Sistemleri, POS Otomasyonu, POS Yaz\u0131l\u0131m\u0131","description":"Restoran POS Otomasyonu Sistemleri, POS Sistemi, POS Yaz\u0131l\u0131m\u0131, Restaurant POS Sistemi","publisher":{"@id":"https:\/\/omni.com.tr\/#organization"},"alternateName":"Omni POS Sistemleri , POS Yaz\u0131l\u0131m\u0131, Restoran Program\u0131, Lokanta Program\u0131, Restoran Programlar\u0131, POS Sistemi","potentialAction":[{"@type":"SearchAction","target":{"@type":"EntryPoint","urlTemplate":"https:\/\/omni.com.tr\/?s={search_term_string}"},"query-input":{"@type":"PropertyValueSpecification","valueRequired":true,"valueName":"search_term_string"}}],"inLanguage":"en-US"},{"@type":"Organization","@id":"https:\/\/omni.com.tr\/#organization","name":"Omni A\u015e.","url":"https:\/\/omni.com.tr\/","logo":{"@type":"ImageObject","inLanguage":"en-US","@id":"https:\/\/omni.com.tr\/#\/schema\/logo\/image\/","url":"https:\/\/omni.com.tr\/wp-content\/uploads\/2022\/10\/logo1996dan.png","contentUrl":"https:\/\/omni.com.tr\/wp-content\/uploads\/2022\/10\/logo1996dan.png","width":1022,"height":492,"caption":"Omni A\u015e."},"image":{"@id":"https:\/\/omni.com.tr\/#\/schema\/logo\/image\/"},"sameAs":["https:\/\/www.facebook.com\/omnipossistemleri","https:\/\/www.linkedin.com\/company\/18402192\/","https:\/\/www.youtube.com\/@omnipossistemleri"]}]}},"_links":{"self":[{"href":"https:\/\/omni.com.tr\/en\/wp-json\/wp\/v2\/pages\/13617","targetHints":{"allow":["GET"]}}],"collection":[{"href":"https:\/\/omni.com.tr\/en\/wp-json\/wp\/v2\/pages"}],"about":[{"href":"https:\/\/omni.com.tr\/en\/wp-json\/wp\/v2\/types\/page"}],"author":[{"embeddable":true,"href":"https:\/\/omni.com.tr\/en\/wp-json\/wp\/v2\/users\/1"}],"replies":[{"embeddable":true,"href":"https:\/\/omni.com.tr\/en\/wp-json\/wp\/v2\/comments?post=13617"}],"version-history":[{"count":0,"href":"https:\/\/omni.com.tr\/en\/wp-json\/wp\/v2\/pages\/13617\/revisions"}],"up":[{"embeddable":true,"href":"https:\/\/omni.com.tr\/en\/wp-json\/wp\/v2\/pages\/13476"}],"wp:attachment":[{"href":"https:\/\/omni.com.tr\/en\/wp-json\/wp\/v2\/media?parent=13617"}],"curies":[{"name":"wp","href":"https:\/\/api.w.org\/{rel}","templated":true}]}}