{"id":13637,"date":"2020-05-01T21:02:36","date_gmt":"2020-05-01T18:02:36","guid":{"rendered":"https:\/\/www.omni.com.tr\/?page_id=13637"},"modified":"2022-09-21T01:45:09","modified_gmt":"2022-09-20T22:45:09","slug":"consumable-materials","status":"publish","type":"page","link":"https:\/\/omni.com.tr\/en\/products\/additional-pos-products\/consumable-materials\/","title":{"rendered":"Consumable Materials"},"content":{"rendered":"\t<section class=\"section\" id=\"section_1610530061\">\n\t\t<div class=\"bg section-bg fill bg-fill bg-loaded bg-loaded\" >\n\n\t\t\t\n\t\t\t\n\t\t\t\n\n\t\t<\/div>\n\n\t\t\n\n\t\t<div class=\"section-content relative\">\n\t\t\t\n<div class=\"row align-middle\"  id=\"row-1754651171\">\n\n\t<div id=\"col-1533742350\" class=\"col medium-5 small-12 large-5\"  >\n\t\t\t\t<div class=\"col-inner\"  >\n\t\t\t\n\t\t\t\n\t<div class=\"img has-hover x md-x lg-x y md-y lg-y\" id=\"image_1706423745\">\n\t\t\t\t\t\t\t\t<div class=\"img-inner dark\" >\n\t\t\t<img loading=\"lazy\" decoding=\"async\" width=\"540\" height=\"359\" src=\"https:\/\/omni.com.tr\/wp-content\/uploads\/2022\/09\/e-4-2.jpg\" class=\"attachment-large size-large\" alt=\"\" srcset=\"https:\/\/omni.com.tr\/wp-content\/uploads\/2022\/09\/e-4-2.jpg 540w, https:\/\/omni.com.tr\/wp-content\/uploads\/2022\/09\/e-4-2-300x199.jpg 300w\" sizes=\"auto, (max-width: 540px) 100vw, 540px\" \/>\t\t\t\t\t\t\n\t\t\t\t\t<\/div>\n\t\t\t\t\t\t\t\t\n<style>\n#image_1706423745 {\n  width: 100%;\n}\n<\/style>\n\t<\/div>\n\t\n\t\t<\/div>\n\t\t\t\t\t<\/div>\n\n\t\n\n\t<div id=\"col-1505479910\" class=\"col medium-7 small-12 large-7\"  >\n\t\t\t\t<div class=\"col-inner\"  >\n\t\t\t\n\t\t\t\n\t<div id=\"gap-1362986061\" class=\"gap-element clearfix\" style=\"display:block; height:auto;\">\n\t\t\n<style>\n#gap-1362986061 {\n  padding-top: 30px;\n}\n<\/style>\n\t<\/div>\n\t\n\t<div id=\"text-1551382734\" class=\"text\">\n\t\t\n<h3>Consumables Materials<\/h3>\n\t\t\n<style>\n#text-1551382734 {\n  font-size: 2.5rem;\n  line-height: 0.75;\n  text-align: left;\n}\n<\/style>\n\t<\/div>\n\t\n<p>You can obtain original consumables approved by the manufacturer of your device from Omni at affordable prices so that your devices can function properly for many years.<\/p>\n<p>You can increase the life of your printers by using original ribbons and consumables.<\/p>\n<p>We offer you the highest quality consumables such as print cartridges, paper, adapters, data cables, magnetic keys, user cards and batteries for your devices. We make our deliveries easily, either by cargo, courier, or by hand delivery from our office, in the most convenient way for you.<\/p>\n\t\t<\/div>\n\t\t\t\t\n<style>\n#col-1505479910 > .col-inner {\n  padding: 0px 1% 0px 1%;\n}\n@media (min-width:550px) {\n  #col-1505479910 > .col-inner {\n    padding: 0px 2% 0px 2%;\n  }\n}\n@media (min-width:850px) {\n  #col-1505479910 > .col-inner {\n    padding: 0px 0px 0px 10%;\n  }\n}\n<\/style>\n\t<\/div>\n\n\t\n<\/div>\n\t\t<\/div>\n\n\t\t\n<style>\n#section_1610530061 {\n  padding-top: 30px;\n  padding-bottom: 30px;\n}\n#section_1610530061 .ux-shape-divider--top svg {\n  height: 150px;\n  --divider-top-width: 100%;\n}\n#section_1610530061 .ux-shape-divider--bottom svg {\n  height: 150px;\n  --divider-width: 100%;\n}\n<\/style>\n\t<\/section>\n\t\n","protected":false},"excerpt":{"rendered":"","protected":false},"author":1,"featured_media":0,"parent":13617,"menu_order":0,"comment_status":"closed","ping_status":"closed","template":"page-blank.php","meta":{"footnotes":""},"class_list":["post-13637","page","type-page","status-publish","hentry"],"yoast_head":"<!-- This site is optimized with the Yoast SEO plugin v27.4 - https:\/\/yoast.com\/product\/yoast-seo-wordpress\/ -->\n<title>Consumable Materials - Omni POS Sistemleri<\/title>\n<meta name=\"robots\" content=\"index, follow, max-snippet:-1, max-image-preview:large, max-video-preview:-1\" \/>\n<link rel=\"canonical\" href=\"https:\/\/omni.com.tr\/en\/products\/additional-pos-products\/consumable-materials\/\" \/>\n<meta property=\"og:locale\" content=\"en_US\" \/>\n<meta property=\"og:type\" content=\"article\" \/>\n<meta property=\"og:title\" content=\"Consumable Materials - Omni POS Sistemleri\" \/>\n<meta property=\"og:url\" content=\"https:\/\/omni.com.tr\/en\/products\/additional-pos-products\/consumable-materials\/\" \/>\n<meta property=\"og:site_name\" content=\"Omni POS Sistemleri\" \/>\n<meta property=\"article:publisher\" content=\"https:\/\/www.facebook.com\/omnipossistemleri\" \/>\n<meta property=\"article:modified_time\" content=\"2022-09-20T22:45:09+00:00\" \/>\n<meta name=\"twitter:card\" content=\"summary_large_image\" \/>\n<meta name=\"twitter:label1\" content=\"Est. reading time\" \/>\n\t<meta name=\"twitter:data1\" content=\"1 minute\" \/>\n<script type=\"application\/ld+json\" class=\"yoast-schema-graph\">{\"@context\":\"https:\\\/\\\/schema.org\",\"@graph\":[{\"@type\":\"WebPage\",\"@id\":\"https:\\\/\\\/omni.com.tr\\\/en\\\/products\\\/additional-pos-products\\\/consumable-materials\\\/\",\"url\":\"https:\\\/\\\/omni.com.tr\\\/en\\\/products\\\/additional-pos-products\\\/consumable-materials\\\/\",\"name\":\"Consumable Materials - Omni POS Sistemleri\",\"isPartOf\":{\"@id\":\"https:\\\/\\\/omni.com.tr\\\/#website\"},\"datePublished\":\"2020-05-01T18:02:36+00:00\",\"dateModified\":\"2022-09-20T22:45:09+00:00\",\"breadcrumb\":{\"@id\":\"https:\\\/\\\/omni.com.tr\\\/en\\\/products\\\/additional-pos-products\\\/consumable-materials\\\/#breadcrumb\"},\"inLanguage\":\"en-US\",\"potentialAction\":[{\"@type\":\"ReadAction\",\"target\":[\"https:\\\/\\\/omni.com.tr\\\/en\\\/products\\\/additional-pos-products\\\/consumable-materials\\\/\"]}]},{\"@type\":\"BreadcrumbList\",\"@id\":\"https:\\\/\\\/omni.com.tr\\\/en\\\/products\\\/additional-pos-products\\\/consumable-materials\\\/#breadcrumb\",\"itemListElement\":[{\"@type\":\"ListItem\",\"position\":1,\"name\":\"Ana sayfa\",\"item\":\"https:\\\/\\\/omni.com.tr\\\/\"},{\"@type\":\"ListItem\",\"position\":2,\"name\":\"Products\",\"item\":\"https:\\\/\\\/omni.com.tr\\\/en\\\/products\\\/\"},{\"@type\":\"ListItem\",\"position\":3,\"name\":\"Additional POS Products\",\"item\":\"https:\\\/\\\/omni.com.tr\\\/en\\\/products\\\/additional-pos-products\\\/\"},{\"@type\":\"ListItem\",\"position\":4,\"name\":\"Consumable Materials\"}]},{\"@type\":\"WebSite\",\"@id\":\"https:\\\/\\\/omni.com.tr\\\/#website\",\"url\":\"https:\\\/\\\/omni.com.tr\\\/\",\"name\":\"Omni POS Sistemleri, Restoran Sistemleri, POS Otomasyonu, POS Yaz\u0131l\u0131m\u0131\",\"description\":\"Restoran POS Otomasyonu Sistemleri, POS Sistemi, POS Yaz\u0131l\u0131m\u0131, Restaurant POS Sistemi\",\"publisher\":{\"@id\":\"https:\\\/\\\/omni.com.tr\\\/#organization\"},\"alternateName\":\"Omni POS Sistemleri , POS Yaz\u0131l\u0131m\u0131, Restoran Program\u0131, Lokanta Program\u0131, Restoran Programlar\u0131, POS Sistemi\",\"potentialAction\":[{\"@type\":\"SearchAction\",\"target\":{\"@type\":\"EntryPoint\",\"urlTemplate\":\"https:\\\/\\\/omni.com.tr\\\/?s={search_term_string}\"},\"query-input\":{\"@type\":\"PropertyValueSpecification\",\"valueRequired\":true,\"valueName\":\"search_term_string\"}}],\"inLanguage\":\"en-US\"},{\"@type\":\"Organization\",\"@id\":\"https:\\\/\\\/omni.com.tr\\\/#organization\",\"name\":\"Omni A\u015e.\",\"url\":\"https:\\\/\\\/omni.com.tr\\\/\",\"logo\":{\"@type\":\"ImageObject\",\"inLanguage\":\"en-US\",\"@id\":\"https:\\\/\\\/omni.com.tr\\\/#\\\/schema\\\/logo\\\/image\\\/\",\"url\":\"https:\\\/\\\/omni.com.tr\\\/wp-content\\\/uploads\\\/2022\\\/10\\\/logo1996dan.png\",\"contentUrl\":\"https:\\\/\\\/omni.com.tr\\\/wp-content\\\/uploads\\\/2022\\\/10\\\/logo1996dan.png\",\"width\":1022,\"height\":492,\"caption\":\"Omni A\u015e.\"},\"image\":{\"@id\":\"https:\\\/\\\/omni.com.tr\\\/#\\\/schema\\\/logo\\\/image\\\/\"},\"sameAs\":[\"https:\\\/\\\/www.facebook.com\\\/omnipossistemleri\",\"https:\\\/\\\/www.linkedin.com\\\/company\\\/18402192\\\/\",\"https:\\\/\\\/www.youtube.com\\\/@omnipossistemleri\"]}]}<\/script>\n<!-- \/ Yoast SEO plugin. -->","yoast_head_json":{"title":"Consumable Materials - Omni POS Sistemleri","robots":{"index":"index","follow":"follow","max-snippet":"max-snippet:-1","max-image-preview":"max-image-preview:large","max-video-preview":"max-video-preview:-1"},"canonical":"https:\/\/omni.com.tr\/en\/products\/additional-pos-products\/consumable-materials\/","og_locale":"en_US","og_type":"article","og_title":"Consumable Materials - Omni POS Sistemleri","og_url":"https:\/\/omni.com.tr\/en\/products\/additional-pos-products\/consumable-materials\/","og_site_name":"Omni POS Sistemleri","article_publisher":"https:\/\/www.facebook.com\/omnipossistemleri","article_modified_time":"2022-09-20T22:45:09+00:00","twitter_card":"summary_large_image","twitter_misc":{"Est. reading time":"1 minute"},"schema":{"@context":"https:\/\/schema.org","@graph":[{"@type":"WebPage","@id":"https:\/\/omni.com.tr\/en\/products\/additional-pos-products\/consumable-materials\/","url":"https:\/\/omni.com.tr\/en\/products\/additional-pos-products\/consumable-materials\/","name":"Consumable Materials - Omni POS Sistemleri","isPartOf":{"@id":"https:\/\/omni.com.tr\/#website"},"datePublished":"2020-05-01T18:02:36+00:00","dateModified":"2022-09-20T22:45:09+00:00","breadcrumb":{"@id":"https:\/\/omni.com.tr\/en\/products\/additional-pos-products\/consumable-materials\/#breadcrumb"},"inLanguage":"en-US","potentialAction":[{"@type":"ReadAction","target":["https:\/\/omni.com.tr\/en\/products\/additional-pos-products\/consumable-materials\/"]}]},{"@type":"BreadcrumbList","@id":"https:\/\/omni.com.tr\/en\/products\/additional-pos-products\/consumable-materials\/#breadcrumb","itemListElement":[{"@type":"ListItem","position":1,"name":"Ana sayfa","item":"https:\/\/omni.com.tr\/"},{"@type":"ListItem","position":2,"name":"Products","item":"https:\/\/omni.com.tr\/en\/products\/"},{"@type":"ListItem","position":3,"name":"Additional POS Products","item":"https:\/\/omni.com.tr\/en\/products\/additional-pos-products\/"},{"@type":"ListItem","position":4,"name":"Consumable Materials"}]},{"@type":"WebSite","@id":"https:\/\/omni.com.tr\/#website","url":"https:\/\/omni.com.tr\/","name":"Omni POS Sistemleri, Restoran Sistemleri, POS Otomasyonu, POS Yaz\u0131l\u0131m\u0131","description":"Restoran POS Otomasyonu Sistemleri, POS Sistemi, POS Yaz\u0131l\u0131m\u0131, Restaurant POS Sistemi","publisher":{"@id":"https:\/\/omni.com.tr\/#organization"},"alternateName":"Omni POS Sistemleri , POS Yaz\u0131l\u0131m\u0131, Restoran Program\u0131, Lokanta Program\u0131, Restoran Programlar\u0131, POS Sistemi","potentialAction":[{"@type":"SearchAction","target":{"@type":"EntryPoint","urlTemplate":"https:\/\/omni.com.tr\/?s={search_term_string}"},"query-input":{"@type":"PropertyValueSpecification","valueRequired":true,"valueName":"search_term_string"}}],"inLanguage":"en-US"},{"@type":"Organization","@id":"https:\/\/omni.com.tr\/#organization","name":"Omni A\u015e.","url":"https:\/\/omni.com.tr\/","logo":{"@type":"ImageObject","inLanguage":"en-US","@id":"https:\/\/omni.com.tr\/#\/schema\/logo\/image\/","url":"https:\/\/omni.com.tr\/wp-content\/uploads\/2022\/10\/logo1996dan.png","contentUrl":"https:\/\/omni.com.tr\/wp-content\/uploads\/2022\/10\/logo1996dan.png","width":1022,"height":492,"caption":"Omni A\u015e."},"image":{"@id":"https:\/\/omni.com.tr\/#\/schema\/logo\/image\/"},"sameAs":["https:\/\/www.facebook.com\/omnipossistemleri","https:\/\/www.linkedin.com\/company\/18402192\/","https:\/\/www.youtube.com\/@omnipossistemleri"]}]}},"_links":{"self":[{"href":"https:\/\/omni.com.tr\/en\/wp-json\/wp\/v2\/pages\/13637","targetHints":{"allow":["GET"]}}],"collection":[{"href":"https:\/\/omni.com.tr\/en\/wp-json\/wp\/v2\/pages"}],"about":[{"href":"https:\/\/omni.com.tr\/en\/wp-json\/wp\/v2\/types\/page"}],"author":[{"embeddable":true,"href":"https:\/\/omni.com.tr\/en\/wp-json\/wp\/v2\/users\/1"}],"replies":[{"embeddable":true,"href":"https:\/\/omni.com.tr\/en\/wp-json\/wp\/v2\/comments?post=13637"}],"version-history":[{"count":0,"href":"https:\/\/omni.com.tr\/en\/wp-json\/wp\/v2\/pages\/13637\/revisions"}],"up":[{"embeddable":true,"href":"https:\/\/omni.com.tr\/en\/wp-json\/wp\/v2\/pages\/13617"}],"wp:attachment":[{"href":"https:\/\/omni.com.tr\/en\/wp-json\/wp\/v2\/media?parent=13637"}],"curies":[{"name":"wp","href":"https:\/\/api.w.org\/{rel}","templated":true}]}}