{"id":32378,"date":"2024-10-11T17:42:43","date_gmt":"2024-10-11T14:42:43","guid":{"rendered":"https:\/\/www.omni.com.tr\/?page_id=32378"},"modified":"2024-10-11T17:42:43","modified_gmt":"2024-10-11T14:42:43","slug":"vectron-poslife","status":"publish","type":"page","link":"https:\/\/omni.com.tr\/en\/vectron-poslife\/","title":{"rendered":"Vectron POSLife"},"content":{"rendered":"\t<section class=\"section hero\" id=\"section_867900429\">\n\t\t<div class=\"bg section-bg fill bg-fill bg-loaded \" >\n\n\t\t\t\n\t\t\t<div class=\"section-bg-overlay absolute fill\"><\/div>\n\t\t\t\n\n\t\t<\/div>\n\n\t\t\n\n\t\t<div class=\"section-content relative\">\n\t\t\t\n<div class=\"row\" style=\"max-width:1200px\" id=\"row-1551615324\">\n\n\t<div id=\"col-477697568\" class=\"col medium-5 small-12 large-5\"  >\n\t\t\t\t<div class=\"col-inner\"  >\n\t\t\t\n\t\t\t\n\t<div id=\"gap-934781661\" class=\"gap-element clearfix\" style=\"display:block; height:auto;\">\n\t\t\n<style>\n#gap-934781661 {\n  padding-top: 0px;\n}\n@media (min-width:850px) {\n  #gap-934781661 {\n    padding-top: 30px;\n  }\n}\n<\/style>\n\t<\/div>\n\t\n\t\t<\/div>\n\t\t\t\t\t<\/div>\n\n\t\n\n\t<div id=\"col-469944656\" class=\"col medium-12 small-12 large-7\"  >\n\t\t\t\t<div class=\"col-inner\"  >\n\t\t\t\n\t\t\t\n\t<div id=\"gap-597314050\" class=\"gap-element clearfix\" style=\"display:block; height:auto;\">\n\t\t\n<style>\n#gap-597314050 {\n  padding-top: 30px;\n}\n<\/style>\n\t<\/div>\n\t\n\t<div id=\"text-2014434968\" class=\"text\">\n\t\t\n<h1>Vectron POSLife<\/h1>\n\t\t\n<style>\n#text-2014434968 {\n  font-size: 2.5rem;\n}\n@media (min-width:550px) {\n  #text-2014434968 {\n    font-size: 3rem;\n  }\n}\n<\/style>\n\t<\/div>\n\t\n\t\t<\/div>\n\t\t\t\t\n<style>\n#col-469944656 > .col-inner {\n  padding: 0px 0px 0px 0;\n}\n@media (min-width:550px) {\n  #col-469944656 > .col-inner {\n    padding: 0px 0px 0px 30px;\n  }\n}\n<\/style>\n\t<\/div>\n\n\t\n<\/div>\n\t\t<\/div>\n\n\t\t\n<style>\n#section_867900429 {\n  padding-top: 30px;\n  padding-bottom: 30px;\n  min-height: 300px;\n}\n#section_867900429 .section-bg-overlay {\n  background-color: rgba(255, 255, 255, 0.901);\n}\n#section_867900429 .section-bg.bg-loaded {\n  background-image: url(https:\/\/omni.com.tr\/wp-content\/uploads\/2024\/09\/poslife-1.jpg);\n}\n#section_867900429 .section-bg {\n  background-position: 0% 0%;\n}\n#section_867900429 .ux-shape-divider--top svg {\n  height: 150px;\n  --divider-top-width: 100%;\n}\n#section_867900429 .ux-shape-divider--bottom svg {\n  height: 150px;\n  --divider-width: 100%;\n}\n@media (min-width:550px) {\n  #section_867900429 {\n    min-height: 450px;\n  }\n}\n@media (min-width:850px) {\n  #section_867900429 {\n    min-height: 350px;\n  }\n}\n<\/style>\n\t<\/section>\n\t\n<div class=\"row\" style=\"max-width:1200px\" id=\"row-1952041127\">\n\n\t<div id=\"col-1543565615\" class=\"col medium-12 small-12 large-5\"  >\n\t\t\t\t<div class=\"col-inner\"  >\n\t\t\t\n\t\t\t\n\n  <div class=\"banner has-hover\" id=\"banner-893509977\">\n          <div class=\"banner-inner fill\">\n        <div class=\"banner-bg fill\" >\n            <div class=\"bg fill bg-fill bg-loaded\"><\/div>\n                                    \n                    <\/div>\n\t\t\n        <div class=\"banner-layers container\">\n            <div class=\"fill banner-link\"><\/div>            \n   <div id=\"text-box-1233821960\" class=\"text-box banner-layer x50 md-x50 lg-x50 y50 md-y50 lg-y50 res-text\">\n                                <div class=\"text-box-content text dark\">\n              \n              <div class=\"text-inner text-center\">\n                  \n              <\/div>\n           <\/div>\n                            \n<style>\n#text-box-1233821960 {\n  width: 60%;\n}\n#text-box-1233821960 .text-box-content {\n  font-size: 100%;\n}\n@media (min-width:550px) {\n  #text-box-1233821960 {\n    width: 60%;\n  }\n}\n<\/style>\n    <\/div>\n \n        <\/div>\n      <\/div>\n\n            \n<style>\n#banner-893509977 {\n  padding-top: 300px;\n  background-color: rgba(255, 255, 255, 0);\n}\n#banner-893509977 .bg.bg-loaded {\n  background-image: url(https:\/\/omni.com.tr\/wp-content\/uploads\/2024\/09\/omni-vectron-pos-life-3.png);\n}\n#banner-893509977 .bg {\n  background-position: 51% 48%;\n}\n#banner-893509977 .ux-shape-divider--top svg {\n  height: 150px;\n  --divider-top-width: 100%;\n}\n#banner-893509977 .ux-shape-divider--bottom svg {\n  height: 150px;\n  --divider-width: 100%;\n}\n@media (min-width:550px) {\n  #banner-893509977 {\n    padding-top: 500px;\n  }\n}\n@media (min-width:850px) {\n  #banner-893509977 {\n    padding-top: 600px;\n  }\n}\n<\/style>\n  <\/div>\n\n\n\t\t<\/div>\n\t\t\t\t\n<style>\n#col-1543565615 > .col-inner {\n  margin: -100px 0px 0px 0px;\n}\n@media (min-width:550px) {\n  #col-1543565615 > .col-inner {\n    margin: -150px 0px 0px 0px;\n  }\n}\n@media (min-width:850px) {\n  #col-1543565615 > .col-inner {\n    margin: -400px 0px 0px 0px;\n  }\n}\n<\/style>\n\t<\/div>\n\n\t\n\n\t<div id=\"col-712831287\" class=\"col medium-11 small-12 large-7\"  >\n\t\t\t\t<div class=\"col-inner\"  >\n\t\t\t\n\t\t\t\n\t<div id=\"gap-1383517862\" class=\"gap-element clearfix\" style=\"display:block; height:auto;\">\n\t\t\n<style>\n#gap-1383517862 {\n  padding-top: 30px;\n}\n<\/style>\n\t<\/div>\n\t\n<p class=\"p1\">Vectron POS Life solves the complexity of modern POS, saving space and being a compact device. Thanks to its \u2018all-in-one\u2019 design, it combines all functions in a single device; It offers business owners all the necessary features such as printer, QR code reader and customer display. It can also operate on the go with its portable charger feature.<\/p>\n<a href=\"#ozellikler\" target=\"_self\" class=\"button secondary is-underline\"  >\n    <span>Go to Standard Features<\/span>\n  <\/a>\n\n\t\t<\/div>\n\t\t\t\t\n<style>\n#col-712831287 > .col-inner {\n  padding: 0px 0px 0px 0;\n}\n@media (min-width:550px) {\n  #col-712831287 > .col-inner {\n    padding: 0px 0px 0px 30px;\n  }\n}\n<\/style>\n\t<\/div>\n\n\t\n<\/div>\n\t<section class=\"section\" id=\"section_491898760\">\n\t\t<div class=\"bg section-bg fill bg-fill bg-loaded bg-loaded\" >\n\n\t\t\t\n\t\t\t\n\t\t\t\n\n\t\t<\/div>\n\n\t\t\n\n\t\t<div class=\"section-content relative\">\n\t\t\t\n\t<div id=\"gap-959764181\" class=\"gap-element clearfix\" style=\"display:block; height:auto;\">\n\t\t\n<style>\n#gap-959764181 {\n  padding-top: 30px;\n}\n<\/style>\n\t<\/div>\n\t\n\t\t<\/div>\n\n\t\t\n<style>\n#section_491898760 {\n  padding-top: 80px;\n  padding-bottom: 80px;\n  background-color: rgb(242, 238, 241);\n}\n#section_491898760 .ux-shape-divider--top svg {\n  height: 150px;\n  --divider-top-width: 100%;\n}\n#section_491898760 .ux-shape-divider--bottom svg {\n  height: 150px;\n  --divider-width: 100%;\n}\n<\/style>\n\t<\/section>\n\t\n\t<section class=\"section\" id=\"section_93853898\">\n\t\t<div class=\"bg section-bg fill bg-fill bg-loaded bg-loaded\" >\n\n\t\t\t\n\t\t\t\n\t\t\t\n\n\t\t<\/div>\n\n\t\t\n\n\t\t<div class=\"section-content relative\">\n\t\t\t\n<div class=\"row\" style=\"max-width:1200px\" id=\"row-30573108\">\n\n\t<div id=\"col-994445335\" class=\"col small-12 large-12\"  >\n\t\t\t\t<div class=\"col-inner\"  >\n\t\t\t\n\t\t\t\n\t<div class=\"img has-hover x md-x lg-x y md-y lg-y\" id=\"image_1315916067\">\n\t\t\t\t\t\t\t\t<div class=\"img-inner dark\" >\n\t\t\t<img loading=\"lazy\" decoding=\"async\" width=\"1020\" height=\"589\" src=\"https:\/\/omni.com.tr\/wp-content\/uploads\/2024\/09\/poslife-1-1024x591.jpg\" class=\"attachment-large size-large\" alt=\"\" srcset=\"https:\/\/omni.com.tr\/wp-content\/uploads\/2024\/09\/poslife-1-1024x591.jpg 1024w, https:\/\/omni.com.tr\/wp-content\/uploads\/2024\/09\/poslife-1-300x173.jpg 300w, https:\/\/omni.com.tr\/wp-content\/uploads\/2024\/09\/poslife-1-768x443.jpg 768w, https:\/\/omni.com.tr\/wp-content\/uploads\/2024\/09\/poslife-1-1536x887.jpg 1536w, https:\/\/omni.com.tr\/wp-content\/uploads\/2024\/09\/poslife-1.jpg 1954w\" sizes=\"auto, (max-width: 1020px) 100vw, 1020px\" \/>\t\t\t\t\t\t\n\t\t\t\t\t<\/div>\n\t\t\t\t\t\t\t\t\n<style>\n#image_1315916067 {\n  width: 100%;\n}\n<\/style>\n\t<\/div>\n\t\n<span class=\"scroll-to\" data-label=\"Scroll to: #ozellikler\" data-bullet=\"false\" data-link=\"#ozellikler\" data-title=\"Standart \u00d6zellikler\"><a name=\"ozellikler\"><\/a><\/span>\n\t\t<\/div>\n\t\t\t\t\n<style>\n#col-994445335 > .col-inner {\n  margin: -120px 0px 0px 0px;\n}\n<\/style>\n\t<\/div>\n\n\t\n<\/div>\n<div class=\"row align-center ozellikler\" style=\"max-width:1200px\" id=\"row-1368277343\">\n\n\t<div id=\"col-1804396834\" class=\"col medium-10 small-12 large-8\"  >\n\t\t\t\t<div class=\"col-inner\"  >\n\t\t\t\n\t\t\t\n\t<div id=\"gap-433947325\" class=\"gap-element clearfix\" style=\"display:block; height:auto;\">\n\t\t\n<style>\n#gap-433947325 {\n  padding-top: 30px;\n}\n<\/style>\n\t<\/div>\n\t\n\t<div id=\"text-3019774595\" class=\"text\">\n\t\t\n<p class=\"p1\"><b>Standard Features<\/b><\/p>\n\t\t\n<style>\n#text-3019774595 {\n  font-size: 1.75rem;\n  text-align: center;\n}\n<\/style>\n\t<\/div>\n\t\n\t<div id=\"text-1849632213\" class=\"text\">\n\t\t\n<p class=\"p1\">&#8211; Dustproof \/ Waterproof<\/p>\n<p class=\"p1\">&#8211; Integrated hardware &amp; software<\/p>\n<p class=\"p1\">&#8211; Works standalone or networked<\/p>\n<p class=\"p1\">&#8211; Long life, trouble-free<\/p>\n<p class=\"p1\">&#8211; Easy operation, user-friendly<\/p>\n<p class=\"p1\">&#8211; Compatible with chain stores<\/p>\n<p class=\"p1\">&#8211; Real-time reporting<\/p>\n\t\t\n<style>\n#text-1849632213 {\n  text-align: center;\n}\n<\/style>\n\t<\/div>\n\t\n\t<div id=\"gap-1508921123\" class=\"gap-element clearfix\" style=\"display:block; height:auto;\">\n\t\t\n<style>\n#gap-1508921123 {\n  padding-top: 10px;\n}\n<\/style>\n\t<\/div>\n\t\n\t<div id=\"text-2219452715\" class=\"text\">\n\t\t\n<p>Customer display screen<\/p>\n\t\t\n<style>\n#text-2219452715 {\n  text-align: center;\n}\n<\/style>\n\t<\/div>\n\t\n\t\t<\/div>\n\t\t\t\t\t<\/div>\n\n\t\n<\/div>\n\t\t<\/div>\n\n\t\t\n<style>\n#section_93853898 {\n  padding-top: 30px;\n  padding-bottom: 30px;\n}\n#section_93853898 .ux-shape-divider--top svg {\n  height: 150px;\n  --divider-top-width: 100%;\n}\n#section_93853898 .ux-shape-divider--bottom svg {\n  height: 150px;\n  --divider-width: 100%;\n}\n<\/style>\n\t<\/section>\n\t\n","protected":false},"excerpt":{"rendered":"","protected":false},"author":1,"featured_media":0,"parent":0,"menu_order":0,"comment_status":"closed","ping_status":"closed","template":"page-blank.php","meta":{"footnotes":""},"class_list":["post-32378","page","type-page","status-publish","hentry"],"yoast_head":"<!-- This site is optimized with the Yoast SEO plugin v27.4 - https:\/\/yoast.com\/product\/yoast-seo-wordpress\/ -->\n<title>Vectron POSLife - Omni POS Sistemleri<\/title>\n<meta name=\"robots\" content=\"index, follow, max-snippet:-1, max-image-preview:large, max-video-preview:-1\" \/>\n<link rel=\"canonical\" href=\"https:\/\/omni.com.tr\/en\/vectron-poslife\/\" \/>\n<meta property=\"og:locale\" content=\"en_US\" \/>\n<meta property=\"og:type\" content=\"article\" \/>\n<meta property=\"og:title\" content=\"Vectron POSLife - Omni POS Sistemleri\" \/>\n<meta property=\"og:url\" content=\"https:\/\/omni.com.tr\/en\/vectron-poslife\/\" \/>\n<meta property=\"og:site_name\" content=\"Omni POS Sistemleri\" \/>\n<meta property=\"article:publisher\" content=\"https:\/\/www.facebook.com\/omnipossistemleri\" \/>\n<meta name=\"twitter:card\" content=\"summary_large_image\" \/>\n<meta name=\"twitter:label1\" content=\"Est. reading time\" \/>\n\t<meta name=\"twitter:data1\" content=\"2 minutes\" \/>\n<script type=\"application\/ld+json\" class=\"yoast-schema-graph\">{\"@context\":\"https:\\\/\\\/schema.org\",\"@graph\":[{\"@type\":\"WebPage\",\"@id\":\"https:\\\/\\\/omni.com.tr\\\/en\\\/vectron-poslife\\\/\",\"url\":\"https:\\\/\\\/omni.com.tr\\\/en\\\/vectron-poslife\\\/\",\"name\":\"Vectron POSLife - Omni POS Sistemleri\",\"isPartOf\":{\"@id\":\"https:\\\/\\\/omni.com.tr\\\/#website\"},\"datePublished\":\"2024-10-11T14:42:43+00:00\",\"breadcrumb\":{\"@id\":\"https:\\\/\\\/omni.com.tr\\\/en\\\/vectron-poslife\\\/#breadcrumb\"},\"inLanguage\":\"en-US\",\"potentialAction\":[{\"@type\":\"ReadAction\",\"target\":[\"https:\\\/\\\/omni.com.tr\\\/en\\\/vectron-poslife\\\/\"]}]},{\"@type\":\"BreadcrumbList\",\"@id\":\"https:\\\/\\\/omni.com.tr\\\/en\\\/vectron-poslife\\\/#breadcrumb\",\"itemListElement\":[{\"@type\":\"ListItem\",\"position\":1,\"name\":\"Ana sayfa\",\"item\":\"https:\\\/\\\/omni.com.tr\\\/\"},{\"@type\":\"ListItem\",\"position\":2,\"name\":\"Vectron POSLife\"}]},{\"@type\":\"WebSite\",\"@id\":\"https:\\\/\\\/omni.com.tr\\\/#website\",\"url\":\"https:\\\/\\\/omni.com.tr\\\/\",\"name\":\"Omni POS Sistemleri, Restoran Sistemleri, POS Otomasyonu, POS Yaz\u0131l\u0131m\u0131\",\"description\":\"Restoran POS Otomasyonu Sistemleri, POS Sistemi, POS Yaz\u0131l\u0131m\u0131, Restaurant POS Sistemi\",\"publisher\":{\"@id\":\"https:\\\/\\\/omni.com.tr\\\/#organization\"},\"alternateName\":\"Omni POS Sistemleri , POS Yaz\u0131l\u0131m\u0131, Restoran Program\u0131, Lokanta Program\u0131, Restoran Programlar\u0131, POS Sistemi\",\"potentialAction\":[{\"@type\":\"SearchAction\",\"target\":{\"@type\":\"EntryPoint\",\"urlTemplate\":\"https:\\\/\\\/omni.com.tr\\\/?s={search_term_string}\"},\"query-input\":{\"@type\":\"PropertyValueSpecification\",\"valueRequired\":true,\"valueName\":\"search_term_string\"}}],\"inLanguage\":\"en-US\"},{\"@type\":\"Organization\",\"@id\":\"https:\\\/\\\/omni.com.tr\\\/#organization\",\"name\":\"Omni A\u015e.\",\"url\":\"https:\\\/\\\/omni.com.tr\\\/\",\"logo\":{\"@type\":\"ImageObject\",\"inLanguage\":\"en-US\",\"@id\":\"https:\\\/\\\/omni.com.tr\\\/#\\\/schema\\\/logo\\\/image\\\/\",\"url\":\"https:\\\/\\\/omni.com.tr\\\/wp-content\\\/uploads\\\/2022\\\/10\\\/logo1996dan.png\",\"contentUrl\":\"https:\\\/\\\/omni.com.tr\\\/wp-content\\\/uploads\\\/2022\\\/10\\\/logo1996dan.png\",\"width\":1022,\"height\":492,\"caption\":\"Omni A\u015e.\"},\"image\":{\"@id\":\"https:\\\/\\\/omni.com.tr\\\/#\\\/schema\\\/logo\\\/image\\\/\"},\"sameAs\":[\"https:\\\/\\\/www.facebook.com\\\/omnipossistemleri\",\"https:\\\/\\\/www.linkedin.com\\\/company\\\/18402192\\\/\",\"https:\\\/\\\/www.youtube.com\\\/@omnipossistemleri\"]}]}<\/script>\n<!-- \/ Yoast SEO plugin. -->","yoast_head_json":{"title":"Vectron POSLife - Omni POS Sistemleri","robots":{"index":"index","follow":"follow","max-snippet":"max-snippet:-1","max-image-preview":"max-image-preview:large","max-video-preview":"max-video-preview:-1"},"canonical":"https:\/\/omni.com.tr\/en\/vectron-poslife\/","og_locale":"en_US","og_type":"article","og_title":"Vectron POSLife - Omni POS Sistemleri","og_url":"https:\/\/omni.com.tr\/en\/vectron-poslife\/","og_site_name":"Omni POS Sistemleri","article_publisher":"https:\/\/www.facebook.com\/omnipossistemleri","twitter_card":"summary_large_image","twitter_misc":{"Est. reading time":"2 minutes"},"schema":{"@context":"https:\/\/schema.org","@graph":[{"@type":"WebPage","@id":"https:\/\/omni.com.tr\/en\/vectron-poslife\/","url":"https:\/\/omni.com.tr\/en\/vectron-poslife\/","name":"Vectron POSLife - Omni POS Sistemleri","isPartOf":{"@id":"https:\/\/omni.com.tr\/#website"},"datePublished":"2024-10-11T14:42:43+00:00","breadcrumb":{"@id":"https:\/\/omni.com.tr\/en\/vectron-poslife\/#breadcrumb"},"inLanguage":"en-US","potentialAction":[{"@type":"ReadAction","target":["https:\/\/omni.com.tr\/en\/vectron-poslife\/"]}]},{"@type":"BreadcrumbList","@id":"https:\/\/omni.com.tr\/en\/vectron-poslife\/#breadcrumb","itemListElement":[{"@type":"ListItem","position":1,"name":"Ana sayfa","item":"https:\/\/omni.com.tr\/"},{"@type":"ListItem","position":2,"name":"Vectron POSLife"}]},{"@type":"WebSite","@id":"https:\/\/omni.com.tr\/#website","url":"https:\/\/omni.com.tr\/","name":"Omni POS Sistemleri, Restoran Sistemleri, POS Otomasyonu, POS Yaz\u0131l\u0131m\u0131","description":"Restoran POS Otomasyonu Sistemleri, POS Sistemi, POS Yaz\u0131l\u0131m\u0131, Restaurant POS Sistemi","publisher":{"@id":"https:\/\/omni.com.tr\/#organization"},"alternateName":"Omni POS Sistemleri , POS Yaz\u0131l\u0131m\u0131, Restoran Program\u0131, Lokanta Program\u0131, Restoran Programlar\u0131, POS Sistemi","potentialAction":[{"@type":"SearchAction","target":{"@type":"EntryPoint","urlTemplate":"https:\/\/omni.com.tr\/?s={search_term_string}"},"query-input":{"@type":"PropertyValueSpecification","valueRequired":true,"valueName":"search_term_string"}}],"inLanguage":"en-US"},{"@type":"Organization","@id":"https:\/\/omni.com.tr\/#organization","name":"Omni A\u015e.","url":"https:\/\/omni.com.tr\/","logo":{"@type":"ImageObject","inLanguage":"en-US","@id":"https:\/\/omni.com.tr\/#\/schema\/logo\/image\/","url":"https:\/\/omni.com.tr\/wp-content\/uploads\/2022\/10\/logo1996dan.png","contentUrl":"https:\/\/omni.com.tr\/wp-content\/uploads\/2022\/10\/logo1996dan.png","width":1022,"height":492,"caption":"Omni A\u015e."},"image":{"@id":"https:\/\/omni.com.tr\/#\/schema\/logo\/image\/"},"sameAs":["https:\/\/www.facebook.com\/omnipossistemleri","https:\/\/www.linkedin.com\/company\/18402192\/","https:\/\/www.youtube.com\/@omnipossistemleri"]}]}},"_links":{"self":[{"href":"https:\/\/omni.com.tr\/en\/wp-json\/wp\/v2\/pages\/32378","targetHints":{"allow":["GET"]}}],"collection":[{"href":"https:\/\/omni.com.tr\/en\/wp-json\/wp\/v2\/pages"}],"about":[{"href":"https:\/\/omni.com.tr\/en\/wp-json\/wp\/v2\/types\/page"}],"author":[{"embeddable":true,"href":"https:\/\/omni.com.tr\/en\/wp-json\/wp\/v2\/users\/1"}],"replies":[{"embeddable":true,"href":"https:\/\/omni.com.tr\/en\/wp-json\/wp\/v2\/comments?post=32378"}],"version-history":[{"count":1,"href":"https:\/\/omni.com.tr\/en\/wp-json\/wp\/v2\/pages\/32378\/revisions"}],"predecessor-version":[{"id":32380,"href":"https:\/\/omni.com.tr\/en\/wp-json\/wp\/v2\/pages\/32378\/revisions\/32380"}],"wp:attachment":[{"href":"https:\/\/omni.com.tr\/en\/wp-json\/wp\/v2\/media?parent=32378"}],"curies":[{"name":"wp","href":"https:\/\/api.w.org\/{rel}","templated":true}]}}